{"id":59,"date":"2021-05-16T17:09:59","date_gmt":"2021-05-16T15:09:59","guid":{"rendered":"http:\/\/wp.turnverein-kirchheimbolanden.de\/?page_id=59"},"modified":"2026-04-14T18:53:39","modified_gmt":"2026-04-14T16:53:39","slug":"badminton-2","status":"publish","type":"page","link":"https:\/\/www.turnverein-kirchheimbolanden.de\/?page_id=59","title":{"rendered":"Badminton"},"content":{"rendered":"\n<figure class=\"wp-block-image size-large\"><img decoding=\"async\" src=\"https:\/\/www.turnverein-kirchheimbolanden.de\/wp-content\/uploads\/Badminton2.jpg\" alt=\"\" class=\"wp-image-129\"\/><\/figure>\n\n\n\n<p><\/p>\n\n\n\n<h1 class=\"wp-block-heading\">Kurzvorstellung Badminton<\/h1>\n\n\n\n<p><\/p>\n\n\n<div class=\"wp-block-image\">\n<figure class=\"alignleft size-full is-resized\"><img decoding=\"async\" src=\"https:\/\/www.turnverein-kirchheimbolanden.de\/wp-content\/uploads\/grafik-webseite\/badminton.png\" alt=\"\" class=\"wp-image-48\" style=\"width:105px;height:104px\"\/><\/figure>\n<\/div>\n\n\n<p>Badminton ist das schnellste R\u00fcckschlagspiel der Welt \u2013 und dabei viel leichter zu erlernen, als man zun\u00e4chst denkt. Vor allem, wenn wie bei uns der Spa\u00df im Vordergrund steht.<\/p>\n\n\n\n<p>Unsere Badmintonabteilung wurde 1987 von Herbert Eich gegr\u00fcndet. Was einst als kleine Hobbygruppe begann, entwickelte sich schnell zu einer erfolgreichen Mannschaft: Von der C-Klasse ging es bis in die Landesliga. Heute stehen wieder Freude am Spiel und das gemeinsame Training mit unseren ausgebildeten Trainern im Mittelpunkt \u2013 und vielleicht kn\u00fcpfen wir schon bald wieder an fr\u00fchere Erfolge an.<\/p>\n\n\n\n<p>Wir freuen uns jederzeit \u00fcber neue Mitspielerinnen und Mitspieler \u2013 ganz egal, ob Anf\u00e4nger oder Fortgeschrittene, jung oder alt. Bei uns gilt das Motto \u201eLearning by doing\u201c: Alle lernen voneinander und miteinander, ganz ohne Leistungsdruck.<\/p>\n\n\n\n<p>Neben dem freien Spiel im Training nehmen wir von Oktober bis Februar an Begegnungen mit anderen Hobby-Teams aus Rheinland-Pfalz teil. Jedes Mitglied ist herzlich eingeladen, daran teilzunehmen und erste Wettkampferfahrungen zu sammeln.<\/p>\n\n\n\n<p>Du m\u00f6chtest beim n\u00e4chsten Training dabei sein oder hast Fragen? Dann melde Dich gerne bei Alex [Kontaktdaten \/ Kontaktfeld] oder komm einfach w\u00e4hrend unserer Trainingszeiten vorbei \u2013 Schl\u00e4ger und B\u00e4lle stehen schon f\u00fcr Dich bereit.<\/p>\n\n\n\n<p><em>Aktuell k\u00f6nnen wir aufgrund fehlender Betreuer leider keine Trainingsgruppe f\u00fcr Kinder anbieten. Unser Training richtet sich daher derzeit an Erwachsene und Jugendliche.<\/em><\/p>\n\n\n\n<p><\/p>\n\n\n\n<h2 class=\"wp-block-heading\">Ansprechpartner<\/h2>\n\n\n\n<p>F\u00fcr Fragen stehen gerne zur Verf\u00fcgung:<\/p>\n\n\n\n<div class=\"wp-block-media-text alignwide is-stacked-on-mobile\" style=\"grid-template-columns:15% auto\"><figure class=\"wp-block-media-text__media\"><img decoding=\"async\" src=\"http:\/\/wp.turnverein-kirchheimbolanden.de\/wp-content\/uploads\/grafik-webseite\/dummy-person_3.jpg\" alt=\"\" class=\"wp-image-65 size-full\"\/><\/figure><div class=\"wp-block-media-text__content\">\n<p class=\"has-large-font-size\">Alexander Emrich<\/p>\n\n\n\n<p>Abteilungsleiter<\/p>\n\n\n\n<p><\/p>\n\n\n\n<p><i class=\"fas fa-phone-alt\"><\/i> +49 1575 8804946<\/p>\n\n\n\n<p><i class=\"fas fa-envelope\"><\/i> badminton@turnverein-kirchheimbolanden.de<\/p>\n<\/div><\/div>\n\n\n\n<h2 class=\"wp-block-heading\">Training<\/h2>\n\n\n\n<p>Unsere Trainingseinheiten finden an folgende Tagen statt:<\/p>\n\n\n<div class=\"wp-block-timetable\">\t    <div class=\"mptt-shortcode-wrapper mptt-table-responsive\">\n\t\t\t<select class=\"mptt-menu mptt-navigation-select\" style=\"display:none;\">\n\t\t\t\t\t\t\t<option value=\"all\">Alle Veranstaltungen<\/option>\n\t\t\t\t\t\t\t\t<option value=\"badminton\">Badminton<\/option>\n\t\t\t\t\t\t<\/select>\n\t\t<table class=\"mptt-shortcode-table  mptt-theme-mode\" id=\"#all\" style=\"display:none; \" data-hide_empty_row=\"1\">\n\t\t<thead>\n<tr class=\"mptt-shortcode-row\">\n\t\t\t<th data-index=\"0\" data-column-id=\"\"><\/th>\n\t\t\t<th data-index=\"1\" data-column-id=\"258\">Montag<\/th>\n\t\t\t<th data-index=\"2\" data-column-id=\"272\">Donnerstag<\/th>\n\t<\/tr>\n<\/thead>\t\t<tbody>\n\t\t\t\t\t\t<tr class=\"mptt-shortcode-row-36\" data-index=\"36\">\n\t\t\t\t\t\t\t\t\t\t\t\t<td class=\"mptt-shortcode-hours\" style=\"height:45px;\">18:00<\/td>\n\t\t\t\t\t\t\t\t\t\t\t\t\t\t<td class=\"mptt-shortcode-event  mptt-event-vertical-default\" data-column-id=\"258\" colspan=\"1\" data-row_height=\"45\" style=\"height:45px;\">\n\t\t\t\t\t\t\t\t<div data-event-id=\"332\"\n     data-start=\"36\"\n     data-start-item=\"36\"\n     data-end=\"44\"\n     class=\"mptt-event-container id-29 mptt-colorized\"\n     data-type=\"event\"\n     data-bg_hover_color=\"\"\n     data-bg_color=\"rgb(159, 197, 232)\"\n     data-hover_color=\"\"\n     data-color=\"rgb(0, 0, 0)\"\n     data-min-height=\"\"\n     style=\"text-align:center;     background-color:rgb(159, 197, 232);     color:rgb(0, 0, 0);     height:100%;     \">\n\t<div class=\"mptt-inner-event-content\">\n\t\t\t\t\t\t<span class=\"event-title\">Badminton<\/span>\n\t\t\t\t\t\t<p class=\"timeslot\">\n\t\t\t\t<time datetime=\"18:00\" class=\"timeslot-start\">18:00<\/time>\n\t\t\t\t<span class=\"timeslot-delimiter\"> &#8211; <\/span>\n\t\t\t\t<time datetime=\"22:00\" class=\"timeslot-end\">22:00<\/time>\n\t\t\t<\/p>\n\t\t\t\t\t<p class=\"event-description\">Sporthalle Heilp\u00e4dagogium Schillerhain<\/p>\n\t\t\t<\/div>\n<\/div>\t\t\t\t\t\t\t<\/td>\n\t\t\t\t\t\t\t\t\t\t\t\t\t<td class=\"mptt-shortcode-event  mptt-event-vertical-default\" data-column-id=\"272\" colspan=\"1\" data-row_height=\"45\" style=\"height:45px;\">\n\t\t\t\t\t\t\t\t\t\t\t\t\t\t\t<\/td>\n\t\t\t\t\t\t\t\t\t\t<\/tr>\n\t\t\t\t\t\t\t<tr class=\"mptt-shortcode-row-37\" data-index=\"37\">\n\t\t\t\t\t\t\t\t\t\t\t\t<td class=\"mptt-shortcode-hours\" style=\"height:45px;\">18:30<\/td>\n\t\t\t\t\t\t\t\t\t\t\t\t\t\t<td class=\"mptt-shortcode-event  mptt-event-vertical-default\" data-column-id=\"258\" colspan=\"1\" data-row_height=\"45\" style=\"height:45px;\">\n\t\t\t\t\t\t\t\t\t\t\t\t\t\t\t<\/td>\n\t\t\t\t\t\t\t\t\t\t\t\t\t<td class=\"mptt-shortcode-event  mptt-event-vertical-default\" data-column-id=\"272\" colspan=\"1\" data-row_height=\"45\" style=\"height:45px;\">\n\t\t\t\t\t\t\t\t<div data-event-id=\"332\"\n     data-start=\"37\"\n     data-start-item=\"37\"\n     data-end=\"44\"\n     class=\"mptt-event-container id-30 mptt-colorized\"\n     data-type=\"event\"\n     data-bg_hover_color=\"\"\n     data-bg_color=\"rgb(159, 197, 232)\"\n     data-hover_color=\"\"\n     data-color=\"rgb(0, 0, 0)\"\n     data-min-height=\"\"\n     style=\"text-align:center;     background-color:rgb(159, 197, 232);     color:rgb(0, 0, 0);     height:100%;     \">\n\t<div class=\"mptt-inner-event-content\">\n\t\t\t\t\t\t<span class=\"event-title\">Badminton<\/span>\n\t\t\t\t\t\t<p class=\"timeslot\">\n\t\t\t\t<time datetime=\"18:30\" class=\"timeslot-start\">18:30<\/time>\n\t\t\t\t<span class=\"timeslot-delimiter\"> &#8211; <\/span>\n\t\t\t\t<time datetime=\"22:00\" class=\"timeslot-end\">22:00<\/time>\n\t\t\t<\/p>\n\t\t\t\t\t<p class=\"event-description\">Sporthalle Heilp\u00e4dagogium Schillerhain<\/p>\n\t\t\t<\/div>\n<\/div>\t\t\t\t\t\t\t<\/td>\n\t\t\t\t\t\t\t\t\t\t<\/tr>\n\t\t\t\t\t\t\t<tr class=\"mptt-shortcode-row-38\" data-index=\"38\">\n\t\t\t\t\t\t\t\t\t\t\t\t<td class=\"mptt-shortcode-hours\" style=\"height:45px;\">19:00<\/td>\n\t\t\t\t\t\t\t\t\t\t\t\t\t\t<td class=\"mptt-shortcode-event  mptt-event-vertical-default\" data-column-id=\"258\" colspan=\"1\" data-row_height=\"45\" style=\"height:45px;\">\n\t\t\t\t\t\t\t\t\t\t\t\t\t\t\t<\/td>\n\t\t\t\t\t\t\t\t\t\t\t\t\t<td class=\"mptt-shortcode-event  mptt-event-vertical-default\" data-column-id=\"272\" colspan=\"1\" data-row_height=\"45\" style=\"height:45px;\">\n\t\t\t\t\t\t\t\t\t\t\t\t\t\t\t<\/td>\n\t\t\t\t\t\t\t\t\t\t<\/tr>\n\t\t\t\t\t\t\t<tr class=\"mptt-shortcode-row-39\" data-index=\"39\">\n\t\t\t\t\t\t\t\t\t\t\t\t<td class=\"mptt-shortcode-hours\" style=\"height:45px;\">19:30<\/td>\n\t\t\t\t\t\t\t\t\t\t\t\t\t\t<td class=\"mptt-shortcode-event  mptt-event-vertical-default\" data-column-id=\"258\" colspan=\"1\" data-row_height=\"45\" style=\"height:45px;\">\n\t\t\t\t\t\t\t\t\t\t\t\t\t\t\t<\/td>\n\t\t\t\t\t\t\t\t\t\t\t\t\t<td class=\"mptt-shortcode-event  mptt-event-vertical-default\" data-column-id=\"272\" colspan=\"1\" data-row_height=\"45\" style=\"height:45px;\">\n\t\t\t\t\t\t\t\t\t\t\t\t\t\t\t<\/td>\n\t\t\t\t\t\t\t\t\t\t<\/tr>\n\t\t\t\t\t\t\t<tr class=\"mptt-shortcode-row-40\" data-index=\"40\">\n\t\t\t\t\t\t\t\t\t\t\t\t<td class=\"mptt-shortcode-hours\" style=\"height:45px;\">20:00<\/td>\n\t\t\t\t\t\t\t\t\t\t\t\t\t\t<td class=\"mptt-shortcode-event  mptt-event-vertical-default\" data-column-id=\"258\" colspan=\"1\" data-row_height=\"45\" style=\"height:45px;\">\n\t\t\t\t\t\t\t\t\t\t\t\t\t\t\t<\/td>\n\t\t\t\t\t\t\t\t\t\t\t\t\t<td class=\"mptt-shortcode-event  mptt-event-vertical-default\" data-column-id=\"272\" colspan=\"1\" data-row_height=\"45\" style=\"height:45px;\">\n\t\t\t\t\t\t\t\t\t\t\t\t\t\t\t<\/td>\n\t\t\t\t\t\t\t\t\t\t<\/tr>\n\t\t\t\t\t\t\t<tr class=\"mptt-shortcode-row-41\" data-index=\"41\">\n\t\t\t\t\t\t\t\t\t\t\t\t<td class=\"mptt-shortcode-hours\" style=\"height:45px;\">20:30<\/td>\n\t\t\t\t\t\t\t\t\t\t\t\t\t\t<td class=\"mptt-shortcode-event  mptt-event-vertical-default\" data-column-id=\"258\" colspan=\"1\" data-row_height=\"45\" style=\"height:45px;\">\n\t\t\t\t\t\t\t\t\t\t\t\t\t\t\t<\/td>\n\t\t\t\t\t\t\t\t\t\t\t\t\t<td class=\"mptt-shortcode-event  mptt-event-vertical-default\" data-column-id=\"272\" colspan=\"1\" data-row_height=\"45\" style=\"height:45px;\">\n\t\t\t\t\t\t\t\t\t\t\t\t\t\t\t<\/td>\n\t\t\t\t\t\t\t\t\t\t<\/tr>\n\t\t\t\t\t\t\t<tr class=\"mptt-shortcode-row-42\" data-index=\"42\">\n\t\t\t\t\t\t\t\t\t\t\t\t<td class=\"mptt-shortcode-hours\" style=\"height:45px;\">21:00<\/td>\n\t\t\t\t\t\t\t\t\t\t\t\t\t\t<td class=\"mptt-shortcode-event  mptt-event-vertical-default\" data-column-id=\"258\" colspan=\"1\" data-row_height=\"45\" style=\"height:45px;\">\n\t\t\t\t\t\t\t\t\t\t\t\t\t\t\t<\/td>\n\t\t\t\t\t\t\t\t\t\t\t\t\t<td class=\"mptt-shortcode-event  mptt-event-vertical-default\" data-column-id=\"272\" colspan=\"1\" data-row_height=\"45\" style=\"height:45px;\">\n\t\t\t\t\t\t\t\t\t\t\t\t\t\t\t<\/td>\n\t\t\t\t\t\t\t\t\t\t<\/tr>\n\t\t\t\t\t\t\t<tr class=\"mptt-shortcode-row-43\" data-index=\"43\">\n\t\t\t\t\t\t\t\t\t\t\t\t<td class=\"mptt-shortcode-hours\" style=\"height:45px;\">21:30<\/td>\n\t\t\t\t\t\t\t\t\t\t\t\t\t\t<td class=\"mptt-shortcode-event  mptt-event-vertical-default\" data-column-id=\"258\" colspan=\"1\" data-row_height=\"45\" style=\"height:45px;\">\n\t\t\t\t\t\t\t\t\t\t\t\t\t\t\t<\/td>\n\t\t\t\t\t\t\t\t\t\t\t\t\t<td class=\"mptt-shortcode-event  mptt-event-vertical-default\" data-column-id=\"272\" colspan=\"1\" data-row_height=\"45\" style=\"height:45px;\">\n\t\t\t\t\t\t\t\t\t\t\t\t\t\t\t<\/td>\n\t\t\t\t\t\t\t\t\t\t<\/tr>\n\t\t\t\t\t<\/tbody>\n\t<\/table>\n\t\t<table class=\"mptt-shortcode-table  mptt-theme-mode\" id=\"#badminton\" style=\"display:none; \" data-hide_empty_row=\"1\">\n\t\t<thead>\n<tr class=\"mptt-shortcode-row\">\n\t\t\t<th data-index=\"0\" data-column-id=\"\"><\/th>\n\t\t\t<th data-index=\"1\" data-column-id=\"258\">Montag<\/th>\n\t\t\t<th data-index=\"2\" data-column-id=\"272\">Donnerstag<\/th>\n\t<\/tr>\n<\/thead>\t\t<tbody>\n\t\t\t\t\t\t<tr class=\"mptt-shortcode-row-36\" data-index=\"36\">\n\t\t\t\t\t\t\t\t\t\t\t\t<td class=\"mptt-shortcode-hours\" style=\"height:45px;\">18:00<\/td>\n\t\t\t\t\t\t\t\t\t\t\t\t\t\t<td class=\"mptt-shortcode-event  mptt-event-vertical-default\" data-column-id=\"258\" colspan=\"1\" data-row_height=\"45\" style=\"height:45px;\">\n\t\t\t\t\t\t\t\t<div data-event-id=\"332\"\n     data-start=\"36\"\n     data-start-item=\"36\"\n     data-end=\"44\"\n     class=\"mptt-event-container id-29 mptt-colorized\"\n     data-type=\"event\"\n     data-bg_hover_color=\"\"\n     data-bg_color=\"rgb(159, 197, 232)\"\n     data-hover_color=\"\"\n     data-color=\"rgb(0, 0, 0)\"\n     data-min-height=\"\"\n     style=\"text-align:center;     background-color:rgb(159, 197, 232);     color:rgb(0, 0, 0);     height:100%;     \">\n\t<div class=\"mptt-inner-event-content\">\n\t\t\t\t\t\t<span class=\"event-title\">Badminton<\/span>\n\t\t\t\t\t\t<p class=\"timeslot\">\n\t\t\t\t<time datetime=\"18:00\" class=\"timeslot-start\">18:00<\/time>\n\t\t\t\t<span class=\"timeslot-delimiter\"> &#8211; <\/span>\n\t\t\t\t<time datetime=\"22:00\" class=\"timeslot-end\">22:00<\/time>\n\t\t\t<\/p>\n\t\t\t\t\t<p class=\"event-description\">Sporthalle Heilp\u00e4dagogium Schillerhain<\/p>\n\t\t\t<\/div>\n<\/div>\t\t\t\t\t\t\t<\/td>\n\t\t\t\t\t\t\t\t\t\t\t\t\t<td class=\"mptt-shortcode-event  mptt-event-vertical-default\" data-column-id=\"272\" colspan=\"1\" data-row_height=\"45\" style=\"height:45px;\">\n\t\t\t\t\t\t\t\t\t\t\t\t\t\t\t<\/td>\n\t\t\t\t\t\t\t\t\t\t<\/tr>\n\t\t\t\t\t\t\t<tr class=\"mptt-shortcode-row-37\" data-index=\"37\">\n\t\t\t\t\t\t\t\t\t\t\t\t<td class=\"mptt-shortcode-hours\" style=\"height:45px;\">18:30<\/td>\n\t\t\t\t\t\t\t\t\t\t\t\t\t\t<td class=\"mptt-shortcode-event  mptt-event-vertical-default\" data-column-id=\"258\" colspan=\"1\" data-row_height=\"45\" style=\"height:45px;\">\n\t\t\t\t\t\t\t\t\t\t\t\t\t\t\t<\/td>\n\t\t\t\t\t\t\t\t\t\t\t\t\t<td class=\"mptt-shortcode-event  mptt-event-vertical-default\" data-column-id=\"272\" colspan=\"1\" data-row_height=\"45\" style=\"height:45px;\">\n\t\t\t\t\t\t\t\t<div data-event-id=\"332\"\n     data-start=\"37\"\n     data-start-item=\"37\"\n     data-end=\"44\"\n     class=\"mptt-event-container id-30 mptt-colorized\"\n     data-type=\"event\"\n     data-bg_hover_color=\"\"\n     data-bg_color=\"rgb(159, 197, 232)\"\n     data-hover_color=\"\"\n     data-color=\"rgb(0, 0, 0)\"\n     data-min-height=\"\"\n     style=\"text-align:center;     background-color:rgb(159, 197, 232);     color:rgb(0, 0, 0);     height:100%;     \">\n\t<div class=\"mptt-inner-event-content\">\n\t\t\t\t\t\t<span class=\"event-title\">Badminton<\/span>\n\t\t\t\t\t\t<p class=\"timeslot\">\n\t\t\t\t<time datetime=\"18:30\" class=\"timeslot-start\">18:30<\/time>\n\t\t\t\t<span class=\"timeslot-delimiter\"> &#8211; <\/span>\n\t\t\t\t<time datetime=\"22:00\" class=\"timeslot-end\">22:00<\/time>\n\t\t\t<\/p>\n\t\t\t\t\t<p class=\"event-description\">Sporthalle Heilp\u00e4dagogium Schillerhain<\/p>\n\t\t\t<\/div>\n<\/div>\t\t\t\t\t\t\t<\/td>\n\t\t\t\t\t\t\t\t\t\t<\/tr>\n\t\t\t\t\t\t\t<tr class=\"mptt-shortcode-row-38\" data-index=\"38\">\n\t\t\t\t\t\t\t\t\t\t\t\t<td class=\"mptt-shortcode-hours\" style=\"height:45px;\">19:00<\/td>\n\t\t\t\t\t\t\t\t\t\t\t\t\t\t<td class=\"mptt-shortcode-event  mptt-event-vertical-default\" data-column-id=\"258\" colspan=\"1\" data-row_height=\"45\" style=\"height:45px;\">\n\t\t\t\t\t\t\t\t\t\t\t\t\t\t\t<\/td>\n\t\t\t\t\t\t\t\t\t\t\t\t\t<td class=\"mptt-shortcode-event  mptt-event-vertical-default\" data-column-id=\"272\" colspan=\"1\" data-row_height=\"45\" style=\"height:45px;\">\n\t\t\t\t\t\t\t\t\t\t\t\t\t\t\t<\/td>\n\t\t\t\t\t\t\t\t\t\t<\/tr>\n\t\t\t\t\t\t\t<tr class=\"mptt-shortcode-row-39\" data-index=\"39\">\n\t\t\t\t\t\t\t\t\t\t\t\t<td class=\"mptt-shortcode-hours\" style=\"height:45px;\">19:30<\/td>\n\t\t\t\t\t\t\t\t\t\t\t\t\t\t<td class=\"mptt-shortcode-event  mptt-event-vertical-default\" data-column-id=\"258\" colspan=\"1\" data-row_height=\"45\" style=\"height:45px;\">\n\t\t\t\t\t\t\t\t\t\t\t\t\t\t\t<\/td>\n\t\t\t\t\t\t\t\t\t\t\t\t\t<td class=\"mptt-shortcode-event  mptt-event-vertical-default\" data-column-id=\"272\" colspan=\"1\" data-row_height=\"45\" style=\"height:45px;\">\n\t\t\t\t\t\t\t\t\t\t\t\t\t\t\t<\/td>\n\t\t\t\t\t\t\t\t\t\t<\/tr>\n\t\t\t\t\t\t\t<tr class=\"mptt-shortcode-row-40\" data-index=\"40\">\n\t\t\t\t\t\t\t\t\t\t\t\t<td class=\"mptt-shortcode-hours\" style=\"height:45px;\">20:00<\/td>\n\t\t\t\t\t\t\t\t\t\t\t\t\t\t<td class=\"mptt-shortcode-event  mptt-event-vertical-default\" data-column-id=\"258\" colspan=\"1\" data-row_height=\"45\" style=\"height:45px;\">\n\t\t\t\t\t\t\t\t\t\t\t\t\t\t\t<\/td>\n\t\t\t\t\t\t\t\t\t\t\t\t\t<td class=\"mptt-shortcode-event  mptt-event-vertical-default\" data-column-id=\"272\" colspan=\"1\" data-row_height=\"45\" style=\"height:45px;\">\n\t\t\t\t\t\t\t\t\t\t\t\t\t\t\t<\/td>\n\t\t\t\t\t\t\t\t\t\t<\/tr>\n\t\t\t\t\t\t\t<tr class=\"mptt-shortcode-row-41\" data-index=\"41\">\n\t\t\t\t\t\t\t\t\t\t\t\t<td class=\"mptt-shortcode-hours\" style=\"height:45px;\">20:30<\/td>\n\t\t\t\t\t\t\t\t\t\t\t\t\t\t<td class=\"mptt-shortcode-event  mptt-event-vertical-default\" data-column-id=\"258\" colspan=\"1\" data-row_height=\"45\" style=\"height:45px;\">\n\t\t\t\t\t\t\t\t\t\t\t\t\t\t\t<\/td>\n\t\t\t\t\t\t\t\t\t\t\t\t\t<td class=\"mptt-shortcode-event  mptt-event-vertical-default\" data-column-id=\"272\" colspan=\"1\" data-row_height=\"45\" style=\"height:45px;\">\n\t\t\t\t\t\t\t\t\t\t\t\t\t\t\t<\/td>\n\t\t\t\t\t\t\t\t\t\t<\/tr>\n\t\t\t\t\t\t\t<tr class=\"mptt-shortcode-row-42\" data-index=\"42\">\n\t\t\t\t\t\t\t\t\t\t\t\t<td class=\"mptt-shortcode-hours\" style=\"height:45px;\">21:00<\/td>\n\t\t\t\t\t\t\t\t\t\t\t\t\t\t<td class=\"mptt-shortcode-event  mptt-event-vertical-default\" data-column-id=\"258\" colspan=\"1\" data-row_height=\"45\" style=\"height:45px;\">\n\t\t\t\t\t\t\t\t\t\t\t\t\t\t\t<\/td>\n\t\t\t\t\t\t\t\t\t\t\t\t\t<td class=\"mptt-shortcode-event  mptt-event-vertical-default\" data-column-id=\"272\" colspan=\"1\" data-row_height=\"45\" style=\"height:45px;\">\n\t\t\t\t\t\t\t\t\t\t\t\t\t\t\t<\/td>\n\t\t\t\t\t\t\t\t\t\t<\/tr>\n\t\t\t\t\t\t\t<tr class=\"mptt-shortcode-row-43\" data-index=\"43\">\n\t\t\t\t\t\t\t\t\t\t\t\t<td class=\"mptt-shortcode-hours\" style=\"height:45px;\">21:30<\/td>\n\t\t\t\t\t\t\t\t\t\t\t\t\t\t<td class=\"mptt-shortcode-event  mptt-event-vertical-default\" data-column-id=\"258\" colspan=\"1\" data-row_height=\"45\" style=\"height:45px;\">\n\t\t\t\t\t\t\t\t\t\t\t\t\t\t\t<\/td>\n\t\t\t\t\t\t\t\t\t\t\t\t\t<td class=\"mptt-shortcode-event  mptt-event-vertical-default\" data-column-id=\"272\" colspan=\"1\" data-row_height=\"45\" style=\"height:45px;\">\n\t\t\t\t\t\t\t\t\t\t\t\t\t\t\t<\/td>\n\t\t\t\t\t\t\t\t\t\t<\/tr>\n\t\t\t\t\t<\/tbody>\n\t<\/table>\n\t\t\t<div class=\"mptt-shortcode-list \">\n\t\t\t\t\t\t\t\t<div class=\"mptt-column\">\n\t\t\t\t\t\t<h3 class=\"mptt-column-title\">Montag<\/h3>\n\t\t\t\t\t\t<ul class=\"mptt-events-list\">\n\t\t\t\t\t\t\t\t\t\t\t\t\t\t\t\t<li class=\"mptt-list-event\" data-event-id=\"badminton\"\n\t\t\t\t\t\t\t\t\t\tstyle=\"border-left-color:rgb(159, 197, 232);\">\n\t\t\t\t\t\t\t\t\t\tBadminton\t\t\t\t\t\t\t\t\t\t\t<p class=\"timeslot\">\n\t\t\t\t\t\t\t\t\t\t\t\t<time datetime=\"18:00\" class=\"timeslot-start\">18:00<\/time>\n\t\t\t\t\t\t\t\t\t\t\t\t<span class=\"timeslot-delimiter\"> &#8211; <\/span>\n\t\t\t\t\t\t\t\t\t\t\t\t<time datetime=\"22:00\" class=\"timeslot-end\">22:00<\/time>\n\t\t\t\t\t\t\t\t\t\t\t<\/p>\n\t\t\t\t\t\t\t\t\t\t\t\t\t\t\t\t\t\t\t\t\t<p class=\"event-description\">Sporthalle Heilp\u00e4dagogium Schillerhain<\/p>\n\t\t\t\t\t\t\t\t\t\t\t\t\t\t\t\t\t\t\t<\/li>\n\t\t\t\t\t\t\t\t\t\t\t\t\t\t<\/ul>\n\t\t\t\t\t<\/div>\n\t\t\t\t\t\t\t\t\t<div class=\"mptt-column\">\n\t\t\t\t\t\t<h3 class=\"mptt-column-title\">Donnerstag<\/h3>\n\t\t\t\t\t\t<ul class=\"mptt-events-list\">\n\t\t\t\t\t\t\t\t\t\t\t\t\t\t\t\t<li class=\"mptt-list-event\" data-event-id=\"badminton\"\n\t\t\t\t\t\t\t\t\t\tstyle=\"border-left-color:rgb(159, 197, 232);\">\n\t\t\t\t\t\t\t\t\t\tBadminton\t\t\t\t\t\t\t\t\t\t\t<p class=\"timeslot\">\n\t\t\t\t\t\t\t\t\t\t\t\t<time datetime=\"18:30\" class=\"timeslot-start\">18:30<\/time>\n\t\t\t\t\t\t\t\t\t\t\t\t<span class=\"timeslot-delimiter\"> &#8211; <\/span>\n\t\t\t\t\t\t\t\t\t\t\t\t<time datetime=\"22:00\" class=\"timeslot-end\">22:00<\/time>\n\t\t\t\t\t\t\t\t\t\t\t<\/p>\n\t\t\t\t\t\t\t\t\t\t\t\t\t\t\t\t\t\t\t\t\t<p class=\"event-description\">Sporthalle Heilp\u00e4dagogium Schillerhain<\/p>\n\t\t\t\t\t\t\t\t\t\t\t\t\t\t\t\t\t\t\t<\/li>\n\t\t\t\t\t\t\t\t\t\t\t\t\t\t<\/ul>\n\t\t\t\t\t<\/div>\n\t\t\t\t\t\t<\/div>\n\t\t<\/div>\n<\/div>","protected":false},"excerpt":{"rendered":"<p>Kurzvorstellung Badminton Badminton ist das schnellste R\u00fcckschlagspiel der Welt \u2013 und dabei viel leichter zu erlernen, als man zun\u00e4chst denkt. Vor allem, wenn wie bei uns der Spa\u00df im Vordergrund steht. Unsere Badmintonabteilung wurde 1987 von Herbert Eich gegr\u00fcndet. Was einst als kleine Hobbygruppe begann, entwickelte sich schnell zu einer erfolgreichen Mannschaft: Von der C-Klasse [&hellip;]<\/p>\n","protected":false},"author":1,"featured_media":0,"parent":0,"menu_order":0,"comment_status":"closed","ping_status":"closed","template":"page-tvk.php","meta":{"footnotes":""},"class_list":["post-59","page","type-page","status-publish","hentry"],"_links":{"self":[{"href":"https:\/\/www.turnverein-kirchheimbolanden.de\/index.php?rest_route=\/wp\/v2\/pages\/59","targetHints":{"allow":["GET"]}}],"collection":[{"href":"https:\/\/www.turnverein-kirchheimbolanden.de\/index.php?rest_route=\/wp\/v2\/pages"}],"about":[{"href":"https:\/\/www.turnverein-kirchheimbolanden.de\/index.php?rest_route=\/wp\/v2\/types\/page"}],"author":[{"embeddable":true,"href":"https:\/\/www.turnverein-kirchheimbolanden.de\/index.php?rest_route=\/wp\/v2\/users\/1"}],"replies":[{"embeddable":true,"href":"https:\/\/www.turnverein-kirchheimbolanden.de\/index.php?rest_route=%2Fwp%2Fv2%2Fcomments&post=59"}],"version-history":[{"count":17,"href":"https:\/\/www.turnverein-kirchheimbolanden.de\/index.php?rest_route=\/wp\/v2\/pages\/59\/revisions"}],"predecessor-version":[{"id":591,"href":"https:\/\/www.turnverein-kirchheimbolanden.de\/index.php?rest_route=\/wp\/v2\/pages\/59\/revisions\/591"}],"wp:attachment":[{"href":"https:\/\/www.turnverein-kirchheimbolanden.de\/index.php?rest_route=%2Fwp%2Fv2%2Fmedia&parent=59"}],"curies":[{"name":"wp","href":"https:\/\/api.w.org\/{rel}","templated":true}]}}