{"id":57,"date":"2021-05-16T17:06:33","date_gmt":"2021-05-16T15:06:33","guid":{"rendered":"http:\/\/wp.turnverein-kirchheimbolanden.de\/?page_id=57"},"modified":"2025-12-13T20:12:25","modified_gmt":"2025-12-13T19:12:25","slug":"aikido","status":"publish","type":"page","link":"https:\/\/www.turnverein-kirchheimbolanden.de\/?page_id=57","title":{"rendered":"Aikido"},"content":{"rendered":"\n<figure class=\"wp-block-image size-full\"><img loading=\"lazy\" decoding=\"async\" width=\"1024\" height=\"576\" src=\"https:\/\/www.turnverein-kirchheimbolanden.de\/wp-content\/uploads\/2023\/02\/Aikido1_683.jpg\" alt=\"\" class=\"wp-image-456\" srcset=\"https:\/\/www.turnverein-kirchheimbolanden.de\/wp-content\/uploads\/2023\/02\/Aikido1_683.jpg 1024w, https:\/\/www.turnverein-kirchheimbolanden.de\/wp-content\/uploads\/2023\/02\/Aikido1_683-300x169.jpg 300w, https:\/\/www.turnverein-kirchheimbolanden.de\/wp-content\/uploads\/2023\/02\/Aikido1_683-768x432.jpg 768w\" sizes=\"auto, (max-width: 1024px) 100vw, 1024px\" \/><\/figure>\n\n\n\n<h2 class=\"wp-block-heading\">Kurzvorstellung Aikido<\/h2>\n\n\n<div class=\"wp-block-image\">\n<figure class=\"alignleft size-full is-resized\"><img decoding=\"async\" src=\"https:\/\/www.turnverein-kirchheimbolanden.de\/wp-content\/uploads\/grafik-webseite\/ju-jutsu.png\" alt=\"\" class=\"wp-image-52\" style=\"width:107px;height:107px\"\/><\/figure>\n<\/div>\n\n\n<p>Welchen Unterschied gibt es zu Kampfsportarten? Im Aikido gibt es keinen Gegner, nur Partner. Das Ziel ist es, eine Technik zu erlernen. Aikido ist kein Sport. Es gibt keine Wettk\u00e4mpfe, keine Regeln oder Punkte. Der Kampf geht gegen das eigene Ego, um ein Leben in Harmonie mit seiner Umgebung zu f\u00fchren. Trainiert werden K\u00f6rpertechniken und Waffentechniken mit Stock, Schwert und Messer. Dabei gilt es, den Angriff zu neutralisieren, nicht den Angreifer, menscheverachtende Techniken werden abgelehnt. Skrupel andere zu verletzen, sind Grundlage eines gesunden Sozialverhaltens. Sie d\u00fcrfen nicht abgebaut werden. Frauen und M\u00e4nner trainieren gemeinsam. Gewichtsklassen gibt es nicht. Der Aikidoka soll in Konfliktsituationen Ma\u00dfnahmen entwickeln, die zum effizientesten Ergebnis f\u00fchren.<\/p>\n\n\n\n<p><\/p>\n\n\n\n<h2 class=\"wp-block-heading\">Ansprechpartner<\/h2>\n\n\n\n<p>F\u00fcr Fragen stehen gerne zur Verf\u00fcgung:<\/p>\n\n\n\n<div class=\"wp-block-media-text alignwide is-stacked-on-mobile\" style=\"grid-template-columns:15% auto\"><figure class=\"wp-block-media-text__media\"><img decoding=\"async\" src=\"http:\/\/wp.turnverein-kirchheimbolanden.de\/wp-content\/uploads\/grafik-webseite\/dummy-person_3.jpg\" alt=\"\" class=\"wp-image-65 size-full\"\/><\/figure><div class=\"wp-block-media-text__content\">\n<p class=\"has-large-font-size\">Klaus Schulte-Hubbert<\/p>\n\n\n\n<p class=\"has-medium-font-size\">Abteilungsleiter<\/p>\n\n\n\n<p><i class=\"fas fa-phone-alt\"><\/i> +49 151 15528397<\/p>\n\n\n\n<p><i class=\"fas fa-envelope\"><\/i> aikido@turnverein-kirchheimbolanden.de<\/p>\n<\/div><\/div>\n\n\n\n<h2 class=\"wp-block-heading\">Training<\/h2>\n\n\n\n<p>Unsere Trainingseinheiten finden an folgende Tagen statt:<\/p>\n\n\n<div class=\"wp-block-timetable\">\t    <div class=\"mptt-shortcode-wrapper mptt-table-responsive\">\n\t\t\t<select class=\"mptt-menu mptt-navigation-select\" style=\"display:none;\">\n\t\t\t\t\t\t\t<option value=\"all\">Alle Veranstaltungen<\/option>\n\t\t\t\t\t\t\t\t<option value=\"aikido\">Aikido<\/option>\n\t\t\t\t\t\t<\/select>\n\t\t<table class=\"mptt-shortcode-table  mptt-theme-mode\" id=\"#all\" style=\"display:none; \" data-hide_empty_row=\"1\">\n\t\t<thead>\n<tr class=\"mptt-shortcode-row\">\n\t\t\t<th data-index=\"0\" data-column-id=\"\"><\/th>\n\t\t\t<th data-index=\"1\" data-column-id=\"272\">Donnerstag<\/th>\n\t\t\t<th data-index=\"2\" data-column-id=\"308\">Sonntag<\/th>\n\t<\/tr>\n<\/thead>\t\t<tbody>\n\t\t\t\t\t\t<tr class=\"mptt-shortcode-row-20\" data-index=\"20\">\n\t\t\t\t\t\t\t\t\t\t\t\t<td class=\"mptt-shortcode-hours\" style=\"height:45px;\">10:00<\/td>\n\t\t\t\t\t\t\t\t\t\t\t\t\t\t<td class=\"mptt-shortcode-event  mptt-event-vertical-default\" data-column-id=\"272\" colspan=\"1\" data-row_height=\"45\" style=\"height:45px;\">\n\t\t\t\t\t\t\t\t\t\t\t\t\t\t\t<\/td>\n\t\t\t\t\t\t\t\t\t\t\t\t\t<td class=\"mptt-shortcode-event  mptt-event-vertical-default\" data-column-id=\"308\" colspan=\"1\" data-row_height=\"45\" style=\"height:45px;\">\n\t\t\t\t\t\t\t\t<div data-event-id=\"307\"\n     data-start=\"20\"\n     data-start-item=\"20\"\n     data-end=\"23\"\n     class=\"mptt-event-container id-28 mptt-colorized\"\n     data-type=\"event\"\n     data-bg_hover_color=\"\"\n     data-bg_color=\"rgb(159, 197, 232)\"\n     data-hover_color=\"\"\n     data-color=\"rgb(0, 0, 0)\"\n     data-min-height=\"\"\n     style=\"text-align:center;     background-color:rgb(159, 197, 232);     color:rgb(0, 0, 0);     height:100%;     \">\n\t<div class=\"mptt-inner-event-content\">\n\t\t\t\t\t\t<span class=\"event-title\">Aikido<\/span>\n\t\t\t\t\t\t<p class=\"timeslot\">\n\t\t\t\t<time datetime=\"10:00\" class=\"timeslot-start\">10:00<\/time>\n\t\t\t\t<span class=\"timeslot-delimiter\"> &#8211; <\/span>\n\t\t\t\t<time datetime=\"11:30\" class=\"timeslot-end\">11:30<\/time>\n\t\t\t<\/p>\n\t\t\t\t\t<p class=\"event-description\">Mathilde-Hitzfeld-Schule<\/p>\n\t\t\t<\/div>\n<\/div>\t\t\t\t\t\t\t<\/td>\n\t\t\t\t\t\t\t\t\t\t<\/tr>\n\t\t\t\t\t\t\t<tr class=\"mptt-shortcode-row-21\" data-index=\"21\">\n\t\t\t\t\t\t\t\t\t\t\t\t<td class=\"mptt-shortcode-hours\" style=\"height:45px;\">10:30<\/td>\n\t\t\t\t\t\t\t\t\t\t\t\t\t\t<td class=\"mptt-shortcode-event  mptt-event-vertical-default\" data-column-id=\"272\" colspan=\"1\" data-row_height=\"45\" style=\"height:45px;\">\n\t\t\t\t\t\t\t\t\t\t\t\t\t\t\t<\/td>\n\t\t\t\t\t\t\t\t\t\t\t\t\t<td class=\"mptt-shortcode-event  mptt-event-vertical-default\" data-column-id=\"308\" colspan=\"1\" data-row_height=\"45\" style=\"height:45px;\">\n\t\t\t\t\t\t\t\t\t\t\t\t\t\t\t<\/td>\n\t\t\t\t\t\t\t\t\t\t<\/tr>\n\t\t\t\t\t\t\t<tr class=\"mptt-shortcode-row-22\" data-index=\"22\">\n\t\t\t\t\t\t\t\t\t\t\t\t<td class=\"mptt-shortcode-hours\" style=\"height:45px;\">11:00<\/td>\n\t\t\t\t\t\t\t\t\t\t\t\t\t\t<td class=\"mptt-shortcode-event  mptt-event-vertical-default\" data-column-id=\"272\" colspan=\"1\" data-row_height=\"45\" style=\"height:45px;\">\n\t\t\t\t\t\t\t\t\t\t\t\t\t\t\t<\/td>\n\t\t\t\t\t\t\t\t\t\t\t\t\t<td class=\"mptt-shortcode-event  mptt-event-vertical-default\" data-column-id=\"308\" colspan=\"1\" data-row_height=\"45\" style=\"height:45px;\">\n\t\t\t\t\t\t\t\t\t\t\t\t\t\t\t<\/td>\n\t\t\t\t\t\t\t\t\t\t<\/tr>\n\t\t\t\t\t\t\t<tr class=\"mptt-shortcode-row-37\" data-index=\"37\">\n\t\t\t\t\t\t\t\t\t\t\t\t<td class=\"mptt-shortcode-hours\" style=\"height:45px;\">18:30<\/td>\n\t\t\t\t\t\t\t\t\t\t\t\t\t\t<td class=\"mptt-shortcode-event  mptt-event-vertical-default\" data-column-id=\"272\" colspan=\"1\" data-row_height=\"45\" style=\"height:45px;\">\n\t\t\t\t\t\t\t\t<div data-event-id=\"307\"\n     data-start=\"37\"\n     data-start-item=\"37\"\n     data-end=\"39\"\n     class=\"mptt-event-container id-27 mptt-colorized\"\n     data-type=\"event\"\n     data-bg_hover_color=\"\"\n     data-bg_color=\"rgb(159, 197, 232)\"\n     data-hover_color=\"\"\n     data-color=\"rgb(0, 0, 0)\"\n     data-min-height=\"\"\n     style=\"text-align:center;     background-color:rgb(159, 197, 232);     color:rgb(0, 0, 0);     height:100%;     \">\n\t<div class=\"mptt-inner-event-content\">\n\t\t\t\t\t\t<span class=\"event-title\">Aikido<\/span>\n\t\t\t\t\t\t<p class=\"timeslot\">\n\t\t\t\t<time datetime=\"18:30\" class=\"timeslot-start\">18:30<\/time>\n\t\t\t\t<span class=\"timeslot-delimiter\"> &#8211; <\/span>\n\t\t\t\t<time datetime=\"19:30\" class=\"timeslot-end\">19:30<\/time>\n\t\t\t<\/p>\n\t\t\t\t\t<p class=\"event-description\">Mathilde-Hitzfeld-Schule<\/p>\n\t\t\t<\/div>\n<\/div>\t\t\t\t\t\t\t<\/td>\n\t\t\t\t\t\t\t\t\t\t\t\t\t<td class=\"mptt-shortcode-event  mptt-event-vertical-default\" data-column-id=\"308\" colspan=\"1\" data-row_height=\"45\" style=\"height:45px;\">\n\t\t\t\t\t\t\t\t\t\t\t\t\t\t\t<\/td>\n\t\t\t\t\t\t\t\t\t\t<\/tr>\n\t\t\t\t\t\t\t<tr class=\"mptt-shortcode-row-38\" data-index=\"38\">\n\t\t\t\t\t\t\t\t\t\t\t\t<td class=\"mptt-shortcode-hours\" style=\"height:45px;\">19:00<\/td>\n\t\t\t\t\t\t\t\t\t\t\t\t\t\t<td class=\"mptt-shortcode-event  mptt-event-vertical-default\" data-column-id=\"272\" colspan=\"1\" data-row_height=\"45\" style=\"height:45px;\">\n\t\t\t\t\t\t\t\t\t\t\t\t\t\t\t<\/td>\n\t\t\t\t\t\t\t\t\t\t\t\t\t<td class=\"mptt-shortcode-event  mptt-event-vertical-default\" data-column-id=\"308\" colspan=\"1\" data-row_height=\"45\" style=\"height:45px;\">\n\t\t\t\t\t\t\t\t\t\t\t\t\t\t\t<\/td>\n\t\t\t\t\t\t\t\t\t\t<\/tr>\n\t\t\t\t\t<\/tbody>\n\t<\/table>\n\t\t<table class=\"mptt-shortcode-table  mptt-theme-mode\" id=\"#aikido\" style=\"display:none; \" data-hide_empty_row=\"1\">\n\t\t<thead>\n<tr class=\"mptt-shortcode-row\">\n\t\t\t<th data-index=\"0\" data-column-id=\"\"><\/th>\n\t\t\t<th data-index=\"1\" data-column-id=\"272\">Donnerstag<\/th>\n\t\t\t<th data-index=\"2\" data-column-id=\"308\">Sonntag<\/th>\n\t<\/tr>\n<\/thead>\t\t<tbody>\n\t\t\t\t\t\t<tr class=\"mptt-shortcode-row-20\" data-index=\"20\">\n\t\t\t\t\t\t\t\t\t\t\t\t<td class=\"mptt-shortcode-hours\" style=\"height:45px;\">10:00<\/td>\n\t\t\t\t\t\t\t\t\t\t\t\t\t\t<td class=\"mptt-shortcode-event  mptt-event-vertical-default\" data-column-id=\"272\" colspan=\"1\" data-row_height=\"45\" style=\"height:45px;\">\n\t\t\t\t\t\t\t\t\t\t\t\t\t\t\t<\/td>\n\t\t\t\t\t\t\t\t\t\t\t\t\t<td class=\"mptt-shortcode-event  mptt-event-vertical-default\" data-column-id=\"308\" colspan=\"1\" data-row_height=\"45\" style=\"height:45px;\">\n\t\t\t\t\t\t\t\t<div data-event-id=\"307\"\n     data-start=\"20\"\n     data-start-item=\"20\"\n     data-end=\"23\"\n     class=\"mptt-event-container id-28 mptt-colorized\"\n     data-type=\"event\"\n     data-bg_hover_color=\"\"\n     data-bg_color=\"rgb(159, 197, 232)\"\n     data-hover_color=\"\"\n     data-color=\"rgb(0, 0, 0)\"\n     data-min-height=\"\"\n     style=\"text-align:center;     background-color:rgb(159, 197, 232);     color:rgb(0, 0, 0);     height:100%;     \">\n\t<div class=\"mptt-inner-event-content\">\n\t\t\t\t\t\t<span class=\"event-title\">Aikido<\/span>\n\t\t\t\t\t\t<p class=\"timeslot\">\n\t\t\t\t<time datetime=\"10:00\" class=\"timeslot-start\">10:00<\/time>\n\t\t\t\t<span class=\"timeslot-delimiter\"> &#8211; <\/span>\n\t\t\t\t<time datetime=\"11:30\" class=\"timeslot-end\">11:30<\/time>\n\t\t\t<\/p>\n\t\t\t\t\t<p class=\"event-description\">Mathilde-Hitzfeld-Schule<\/p>\n\t\t\t<\/div>\n<\/div>\t\t\t\t\t\t\t<\/td>\n\t\t\t\t\t\t\t\t\t\t<\/tr>\n\t\t\t\t\t\t\t<tr class=\"mptt-shortcode-row-21\" data-index=\"21\">\n\t\t\t\t\t\t\t\t\t\t\t\t<td class=\"mptt-shortcode-hours\" style=\"height:45px;\">10:30<\/td>\n\t\t\t\t\t\t\t\t\t\t\t\t\t\t<td class=\"mptt-shortcode-event  mptt-event-vertical-default\" data-column-id=\"272\" colspan=\"1\" data-row_height=\"45\" style=\"height:45px;\">\n\t\t\t\t\t\t\t\t\t\t\t\t\t\t\t<\/td>\n\t\t\t\t\t\t\t\t\t\t\t\t\t<td class=\"mptt-shortcode-event  mptt-event-vertical-default\" data-column-id=\"308\" colspan=\"1\" data-row_height=\"45\" style=\"height:45px;\">\n\t\t\t\t\t\t\t\t\t\t\t\t\t\t\t<\/td>\n\t\t\t\t\t\t\t\t\t\t<\/tr>\n\t\t\t\t\t\t\t<tr class=\"mptt-shortcode-row-22\" data-index=\"22\">\n\t\t\t\t\t\t\t\t\t\t\t\t<td class=\"mptt-shortcode-hours\" style=\"height:45px;\">11:00<\/td>\n\t\t\t\t\t\t\t\t\t\t\t\t\t\t<td class=\"mptt-shortcode-event  mptt-event-vertical-default\" data-column-id=\"272\" colspan=\"1\" data-row_height=\"45\" style=\"height:45px;\">\n\t\t\t\t\t\t\t\t\t\t\t\t\t\t\t<\/td>\n\t\t\t\t\t\t\t\t\t\t\t\t\t<td class=\"mptt-shortcode-event  mptt-event-vertical-default\" data-column-id=\"308\" colspan=\"1\" data-row_height=\"45\" style=\"height:45px;\">\n\t\t\t\t\t\t\t\t\t\t\t\t\t\t\t<\/td>\n\t\t\t\t\t\t\t\t\t\t<\/tr>\n\t\t\t\t\t\t\t<tr class=\"mptt-shortcode-row-37\" data-index=\"37\">\n\t\t\t\t\t\t\t\t\t\t\t\t<td class=\"mptt-shortcode-hours\" style=\"height:45px;\">18:30<\/td>\n\t\t\t\t\t\t\t\t\t\t\t\t\t\t<td class=\"mptt-shortcode-event  mptt-event-vertical-default\" data-column-id=\"272\" colspan=\"1\" data-row_height=\"45\" style=\"height:45px;\">\n\t\t\t\t\t\t\t\t<div data-event-id=\"307\"\n     data-start=\"37\"\n     data-start-item=\"37\"\n     data-end=\"39\"\n     class=\"mptt-event-container id-27 mptt-colorized\"\n     data-type=\"event\"\n     data-bg_hover_color=\"\"\n     data-bg_color=\"rgb(159, 197, 232)\"\n     data-hover_color=\"\"\n     data-color=\"rgb(0, 0, 0)\"\n     data-min-height=\"\"\n     style=\"text-align:center;     background-color:rgb(159, 197, 232);     color:rgb(0, 0, 0);     height:100%;     \">\n\t<div class=\"mptt-inner-event-content\">\n\t\t\t\t\t\t<span class=\"event-title\">Aikido<\/span>\n\t\t\t\t\t\t<p class=\"timeslot\">\n\t\t\t\t<time datetime=\"18:30\" class=\"timeslot-start\">18:30<\/time>\n\t\t\t\t<span class=\"timeslot-delimiter\"> &#8211; <\/span>\n\t\t\t\t<time datetime=\"19:30\" class=\"timeslot-end\">19:30<\/time>\n\t\t\t<\/p>\n\t\t\t\t\t<p class=\"event-description\">Mathilde-Hitzfeld-Schule<\/p>\n\t\t\t<\/div>\n<\/div>\t\t\t\t\t\t\t<\/td>\n\t\t\t\t\t\t\t\t\t\t\t\t\t<td class=\"mptt-shortcode-event  mptt-event-vertical-default\" data-column-id=\"308\" colspan=\"1\" data-row_height=\"45\" style=\"height:45px;\">\n\t\t\t\t\t\t\t\t\t\t\t\t\t\t\t<\/td>\n\t\t\t\t\t\t\t\t\t\t<\/tr>\n\t\t\t\t\t\t\t<tr class=\"mptt-shortcode-row-38\" data-index=\"38\">\n\t\t\t\t\t\t\t\t\t\t\t\t<td class=\"mptt-shortcode-hours\" style=\"height:45px;\">19:00<\/td>\n\t\t\t\t\t\t\t\t\t\t\t\t\t\t<td class=\"mptt-shortcode-event  mptt-event-vertical-default\" data-column-id=\"272\" colspan=\"1\" data-row_height=\"45\" style=\"height:45px;\">\n\t\t\t\t\t\t\t\t\t\t\t\t\t\t\t<\/td>\n\t\t\t\t\t\t\t\t\t\t\t\t\t<td class=\"mptt-shortcode-event  mptt-event-vertical-default\" data-column-id=\"308\" colspan=\"1\" data-row_height=\"45\" style=\"height:45px;\">\n\t\t\t\t\t\t\t\t\t\t\t\t\t\t\t<\/td>\n\t\t\t\t\t\t\t\t\t\t<\/tr>\n\t\t\t\t\t<\/tbody>\n\t<\/table>\n\t\t\t<div class=\"mptt-shortcode-list \">\n\t\t\t\t\t\t\t\t<div class=\"mptt-column\">\n\t\t\t\t\t\t<h3 class=\"mptt-column-title\">Donnerstag<\/h3>\n\t\t\t\t\t\t<ul class=\"mptt-events-list\">\n\t\t\t\t\t\t\t\t\t\t\t\t\t\t\t\t<li class=\"mptt-list-event\" data-event-id=\"aikido\"\n\t\t\t\t\t\t\t\t\t\tstyle=\"border-left-color:rgb(159, 197, 232);\">\n\t\t\t\t\t\t\t\t\t\tAikido\t\t\t\t\t\t\t\t\t\t\t<p class=\"timeslot\">\n\t\t\t\t\t\t\t\t\t\t\t\t<time datetime=\"18:30\" class=\"timeslot-start\">18:30<\/time>\n\t\t\t\t\t\t\t\t\t\t\t\t<span class=\"timeslot-delimiter\"> &#8211; <\/span>\n\t\t\t\t\t\t\t\t\t\t\t\t<time datetime=\"19:30\" class=\"timeslot-end\">19:30<\/time>\n\t\t\t\t\t\t\t\t\t\t\t<\/p>\n\t\t\t\t\t\t\t\t\t\t\t\t\t\t\t\t\t\t\t\t\t<p class=\"event-description\">Mathilde-Hitzfeld-Schule<\/p>\n\t\t\t\t\t\t\t\t\t\t\t\t\t\t\t\t\t\t\t<\/li>\n\t\t\t\t\t\t\t\t\t\t\t\t\t\t<\/ul>\n\t\t\t\t\t<\/div>\n\t\t\t\t\t\t\t\t\t<div class=\"mptt-column\">\n\t\t\t\t\t\t<h3 class=\"mptt-column-title\">Sonntag<\/h3>\n\t\t\t\t\t\t<ul class=\"mptt-events-list\">\n\t\t\t\t\t\t\t\t\t\t\t\t\t\t\t\t<li class=\"mptt-list-event\" data-event-id=\"aikido\"\n\t\t\t\t\t\t\t\t\t\tstyle=\"border-left-color:rgb(159, 197, 232);\">\n\t\t\t\t\t\t\t\t\t\tAikido\t\t\t\t\t\t\t\t\t\t\t<p class=\"timeslot\">\n\t\t\t\t\t\t\t\t\t\t\t\t<time datetime=\"10:00\" class=\"timeslot-start\">10:00<\/time>\n\t\t\t\t\t\t\t\t\t\t\t\t<span class=\"timeslot-delimiter\"> &#8211; <\/span>\n\t\t\t\t\t\t\t\t\t\t\t\t<time datetime=\"11:30\" class=\"timeslot-end\">11:30<\/time>\n\t\t\t\t\t\t\t\t\t\t\t<\/p>\n\t\t\t\t\t\t\t\t\t\t\t\t\t\t\t\t\t\t\t\t\t<p class=\"event-description\">Mathilde-Hitzfeld-Schule<\/p>\n\t\t\t\t\t\t\t\t\t\t\t\t\t\t\t\t\t\t\t<\/li>\n\t\t\t\t\t\t\t\t\t\t\t\t\t\t<\/ul>\n\t\t\t\t\t<\/div>\n\t\t\t\t\t\t<\/div>\n\t\t<\/div>\n<\/div>","protected":false},"excerpt":{"rendered":"<p>Kurzvorstellung Aikido Welchen Unterschied gibt es zu Kampfsportarten? Im Aikido gibt es keinen Gegner, nur Partner. Das Ziel ist es, eine Technik zu erlernen. Aikido ist kein Sport. Es gibt keine Wettk\u00e4mpfe, keine Regeln oder Punkte. Der Kampf geht gegen das eigene Ego, um ein Leben in Harmonie mit seiner Umgebung zu f\u00fchren. Trainiert werden [&hellip;]<\/p>\n","protected":false},"author":1,"featured_media":0,"parent":0,"menu_order":0,"comment_status":"closed","ping_status":"closed","template":"page-tvk.php","meta":{"footnotes":""},"class_list":["post-57","page","type-page","status-publish","hentry"],"_links":{"self":[{"href":"https:\/\/www.turnverein-kirchheimbolanden.de\/index.php?rest_route=\/wp\/v2\/pages\/57","targetHints":{"allow":["GET"]}}],"collection":[{"href":"https:\/\/www.turnverein-kirchheimbolanden.de\/index.php?rest_route=\/wp\/v2\/pages"}],"about":[{"href":"https:\/\/www.turnverein-kirchheimbolanden.de\/index.php?rest_route=\/wp\/v2\/types\/page"}],"author":[{"embeddable":true,"href":"https:\/\/www.turnverein-kirchheimbolanden.de\/index.php?rest_route=\/wp\/v2\/users\/1"}],"replies":[{"embeddable":true,"href":"https:\/\/www.turnverein-kirchheimbolanden.de\/index.php?rest_route=%2Fwp%2Fv2%2Fcomments&post=57"}],"version-history":[{"count":34,"href":"https:\/\/www.turnverein-kirchheimbolanden.de\/index.php?rest_route=\/wp\/v2\/pages\/57\/revisions"}],"predecessor-version":[{"id":571,"href":"https:\/\/www.turnverein-kirchheimbolanden.de\/index.php?rest_route=\/wp\/v2\/pages\/57\/revisions\/571"}],"wp:attachment":[{"href":"https:\/\/www.turnverein-kirchheimbolanden.de\/index.php?rest_route=%2Fwp%2Fv2%2Fmedia&parent=57"}],"curies":[{"name":"wp","href":"https:\/\/api.w.org\/{rel}","templated":true}]}}