{"id":3,"date":"2020-11-08T18:15:09","date_gmt":"2020-11-08T17:15:09","guid":{"rendered":"http:\/\/wp.turnverein-kirchheimbolanden.de\/?page_id=3"},"modified":"2022-12-21T18:25:12","modified_gmt":"2022-12-21T17:25:12","slug":"datenschutzerklaerung","status":"publish","type":"page","link":"https:\/\/www.turnverein-kirchheimbolanden.de\/?page_id=3","title":{"rendered":"Datenschutzerkl\u00e4rung"},"content":{"rendered":"\n<h2 class=\"wp-block-heading\">Wer wir sind<\/h2>\n\n\n\n<p>Der Turnverein Kirchheimbolanden e.V.<br>Die offizielle Anschrift des Turnvereins lautet:<br><br>Turnverein Kirchheimbolanden e. V.<br>Postfach 1380<br>67292 Kirchheimbolanden<br><br><strong>Vertreten durch:<\/strong><br>Ulrich Schlicher, Glockenstra\u00dfe 5, 67292 Kirchheimbolanden <br>E-Mail-Adresse:  u.schlicher@turnverein-kirchheimbolanden.de <br><\/p>\n\n\n\n<p>Die Adresse unserer Website ist: https:\/\/www.turnverein-kirchheimbolanden.de<\/p>\n\n\n\n<h2 class=\"wp-block-heading\">Welche personenbezogenen Daten wir sammeln und warum wir sie sammeln<\/h2>\n\n\n\n<h3 class=\"wp-block-heading\">Kommentare<\/h3>\n\n\n\n<p>Wenn Besucher Kommentare auf der Website schreiben, sammeln wir die Daten, die im Kommentar-Formular angezeigt werden, au\u00dferdem die IP-Adresse des Besuchers und den User-Agent-String (damit wird der Browser identifiziert), um die Erkennung von Spam zu unterst\u00fctzen.<\/p>\n\n\n\n<p>Aus deiner E-Mail-Adresse kann eine anonymisierte Zeichenfolge erstellt (auch Hash genannt) und dem Gravatar-Dienst \u00fcbergeben werden, um zu pr\u00fcfen, ob du diesen benutzt. Die Datenschutzerkl\u00e4rung des Gravatar-Dienstes findest du hier: https:\/\/automattic.com\/privacy\/. Nachdem dein Kommentar freigegeben wurde, ist dein Profilbild \u00f6ffentlich im Kontext deines Kommentars sichtbar.<br><br><strong>Die Kommentar-Funktion ist zur Zeit nicht freigeschaltet.<\/strong><\/p>\n\n\n\n<h3 class=\"wp-block-heading\">Medien<\/h3>\n\n\n\n<p>Wenn du ein registrierter Benutzer bist und Fotos auf diese Website l\u00e4dst, solltest du vermeiden, Fotos mit einem EXIF-GPS-Standort hochzuladen. Besucher dieser Website k\u00f6nnten Fotos, die auf dieser Website gespeichert sind, herunterladen und deren Standort-Informationen extrahieren.<\/p>\n\n\n\n<h3 class=\"wp-block-heading\">Kontaktformulare<\/h3>\n\n\n\n<p>Mit dem Ausf\u00fcllen und Absenden des Kontaktformulares willigt Ihr automatisch ein, dass wir Eure personenbezogenen Daten weiterverarbeiten d\u00fcrfen. Die Daten werden nur f\u00fcr den Zweck verwendet, der in der Kontaktaufnahme angegeben ist.  Die Erhebung der Daten, ist dem Zweck angemessen und erheblich sowie auf das f\u00fcr die Zwecke der Verarbeitung notwendige Ma\u00df beschr\u00e4nkt sein (\u201eDatenminimierung\u201c). <\/p>\n\n\n\n<h3 class=\"wp-block-heading\">Cookies<\/h3>\n\n\n\n<p>Wenn du einen Kommentar auf unserer Website schreibst, kann das eine Einwilligung sein, deinen Namen, E-Mail-Adresse und Website in Cookies zu speichern. Dies ist eine Komfortfunktion, damit du nicht, wenn du einen weiteren Kommentar schreibst, all diese Daten erneut eingeben musst. Diese Cookies werden ein Jahr lang gespeichert.<\/p>\n\n\n\n<p>Falls du ein Konto hast und dich auf dieser Website anmeldest, werden wir ein tempor\u00e4res Cookie setzen, um festzustellen, ob dein Browser Cookies akzeptiert. Dieses Cookie enth\u00e4lt keine personenbezogenen Daten und wird verworfen, wenn du deinen Browser schlie\u00dft.<\/p>\n\n\n\n<p>Wenn du dich anmeldest, werden wir einige Cookies einrichten, um deine Anmeldeinformationen und Anzeigeoptionen zu speichern. Anmelde-Cookies verfallen nach zwei Tagen und Cookies f\u00fcr die Anzeigeoptionen nach einem Jahr. Falls du bei der Anmeldung \u201eAngemeldet bleiben\u201c ausw\u00e4hlst, wird deine Anmeldung zwei Wochen lang aufrechterhalten. Mit der Abmeldung aus deinem Konto werden die Anmelde-Cookies gel\u00f6scht.<\/p>\n\n\n\n<p>Wenn du einen Artikel bearbeitest oder ver\u00f6ffentlichst, wird ein zus\u00e4tzlicher Cookie in deinem Browser gespeichert. Dieser Cookie enth\u00e4lt keine personenbezogenen Daten und verweist nur auf die Beitrags-ID des Artikels, den du gerade bearbeitet hast. Der Cookie verf\u00e4llt nach einem Tag.<\/p>\n\n\n\n<h3 class=\"wp-block-heading\">Eingebettete Inhalte von anderen Websites<\/h3>\n\n\n\n<p>Beitr\u00e4ge auf dieser Website k\u00f6nnen eingebettete Inhalte beinhalten (z.&nbsp;B. Videos, Bilder, Beitr\u00e4ge etc.). Eingebettete Inhalte von anderen Websites verhalten sich exakt so, als ob der Besucher die andere Website besucht h\u00e4tte.<\/p>\n\n\n\n<p>Diese Websites k\u00f6nnen Daten \u00fcber dich sammeln, Cookies benutzen, zus\u00e4tzliche Tracking-Dienste von Dritten einbetten und deine Interaktion mit diesem eingebetteten Inhalt aufzeichnen, inklusive deiner Interaktion mit dem eingebetteten Inhalt, falls du ein Konto hast und auf dieser Website angemeldet bist.<\/p>\n\n\n\n<h4 class=\"wp-block-heading\"> Google Maps <\/h4>\n\n\n\n<p>Damit Sie uns leichter finden k\u00f6nnen, haben wir in unsere Webseite Kartenmaterial des Dienstes Google Maps von Google LLC \u00fcber eine API eingebunden. Um die Inhalte in Ihrem Browser darstellen zu k\u00f6nnen, muss Google Ihre IP-Adresse erhalten, denn sonst k\u00f6nnte Ihnen Google diese eingebundenen Inhalte nicht liefern.<\/p>\n\n\n\n<p>Die Rechtsgrundlage dieser Datenverarbeitung ist Art. 6 Abs. 1 b) DSGVO, da die IP-Adresse ben\u00f6tigt wird, um Ihnen die Inhalte liefern zu k\u00f6nnen. Bei dieser Verarbeitung erfolgt unsere Zusammenarbeit mit Google auf Grundlage eines Vertrags \u00fcber die gemeinsame Verantwortlichkeit gem\u00e4\u00df Art. 26 DSGVO, der&nbsp;<a href=\"https:\/\/privacy.google.com\/intl\/de\/businesses\/mapscontrollerterms\/\">hier<\/a>&nbsp;abgerufen werden kann.<\/p>\n\n\n\n<p>Weitere Informationen zur Datenverarbeitung durch Google finden Sie in den Datenschutzrichtlinien von Google unter&nbsp;<a href=\"https:\/\/www.google.de\/intl\/de\/policies\/privacy\/\"><em>https:\/\/www.google.de\/intl\/de\/policies\/privacy\/<\/em><\/a><em>.<\/em><br><\/p>\n\n\n\n<p><strong>Google Maps, Google LLC.<\/strong><\/p>\n\n\n\n<p>Auf der Webseite ist Google Maps \u00fcber eine API eingebunden, um geographische Informationen visuell darzustellen. Zur Darstellung der Karte ist die Verarbeitung der IP-Adresse durch Google LLC. zwingend erforderlich.&nbsp;<\/p>\n\n\n\n<p>Google LLC. ist&nbsp;<a href=\"https:\/\/www.privacyshield.gov\/participant?id=a2zt000000001L5AAI&amp;status=Active\">Privacy Shield<\/a>&nbsp;zertifiziert. Die Zusammenarbeit mit Google LLC in datenschutzrechtlicher Hinsicht erfolgt auf der Grundlage eines abgeschlossenen Vertrags \u00fcber die gemeinsame Verantwortlichkeit nach Art. 26 DSGVO, abrufbar unter&nbsp;<a href=\"https:\/\/privacy.google.com\/intl\/de\/businesses\/mapscontrollerterms\/\">https:\/\/privacy.google.com\/intl\/de\/businesses\/mapscontrollerterms\/<\/a>.<\/p>\n\n\n\n<p>Im \u00dcbrigen tritt der Nutzer durch die Nutzung von Google Maps unmittelbar mit Google in ein Nutzungsverh\u00e4ltnis.<\/p>\n\n\n\n<h3 class=\"wp-block-heading\">Analysedienste<\/h3>\n\n\n\n<h2 class=\"wp-block-heading\">Mit wem wir deine Daten teilen<\/h2>\n\n\n\n<p>Deine Daten werden mit keinem Dritten geteilt bzw. weitergeleitet.<\/p>\n\n\n\n<h2 class=\"wp-block-heading\">Wie lange wir deine Daten speichern<\/h2>\n\n\n\n<p>Wenn du einen Kommentar schreibst, wird dieser inklusive Metadaten zeitlich unbegrenzt gespeichert. Auf diese Art k\u00f6nnen wir Folgekommentare automatisch erkennen und freigeben, anstelle sie in einer Moderations-Warteschlange festzuhalten.<\/p>\n\n\n\n<p>F\u00fcr Benutzer, die sich auf unserer Website registrieren, speichern wir zus\u00e4tzlich die pers\u00f6nlichen Informationen, die sie in ihren Benutzerprofilen angeben. Alle Benutzer k\u00f6nnen jederzeit ihre pers\u00f6nlichen Informationen einsehen, ver\u00e4ndern oder l\u00f6schen (der Benutzername kann nicht ver\u00e4ndert werden). Administratoren der Website k\u00f6nnen diese Informationen ebenfalls einsehen und ver\u00e4ndern.<\/p>\n\n\n\n<h2 class=\"wp-block-heading\">Welche Rechte du an deinen Daten hast<\/h2>\n\n\n\n<p>Wenn du ein Konto auf dieser Website besitzt oder Kommentare geschrieben hast, kannst du einen Export deiner personenbezogenen Daten bei uns anfordern, inklusive aller Daten, die du uns mitgeteilt hast. Dar\u00fcber hinaus kannst du die L\u00f6schung aller personenbezogenen Daten, die wir von dir gespeichert haben, anfordern. Dies umfasst nicht die Daten, die wir aufgrund administrativer, rechtlicher oder sicherheitsrelevanter Notwendigkeiten aufbewahren m\u00fcssen.<\/p>\n\n\n\n<h2 class=\"wp-block-heading\">Wohin wir deine Daten senden<\/h2>\n\n\n\n<p>Besucher-Kommentare k\u00f6nnten von einem automatisierten Dienst zur Spam-Erkennung untersucht werden.<\/p>\n\n\n\n<h2 class=\"wp-block-heading\">Deine Kontakt-Informationen<\/h2>\n\n\n\n<p><\/p>\n\n\n\n<h2 class=\"wp-block-heading\">Weitere Informationen<\/h2>\n\n\n\n<h3 class=\"wp-block-heading\">Wie wir deine Daten sch\u00fctzen<\/h3>\n\n\n\n<p>Wir nehmen den Schutz Deiner Daten sehr ernst und versichern Dir einen sorgsamen Umgang mit ihnen. Wir sichern Dir selbstverst\u00e4ndlich jederzeit das Recht auf Einsichtnahme in Deine Daten sowie auf Korrektur fehlerhafter Daten zu. <\/p>\n\n\n\n<p>Diese Seite nutzt aus Sicherheitsgr\u00fcnden und zum Schutz der \u00dcbertragung vertraulicher Inhalte, wie zum Beispiel Bestellungen oder Anfragen, die Sie an uns als Seitenbetreiber senden, eine SSL-bzw. TLS-Verschl\u00fcsselung. Eine verschl\u00fcsselte Verbindung erkennen Sie daran, dass die Adresszeile des Browsers von \u201chttp:\/\/\u201d auf \u201chttps:\/\/\u201d wechselt und an dem Schloss-Symbol in Ihrer Browserzeile.<\/p>\n\n\n\n<p>Wenn die SSL- bzw. TLS-Verschl\u00fcsselung aktiviert ist, k\u00f6nnen die Daten, die Sie an uns \u00fcbermitteln, nicht von Dritten mitgelesen werden.<\/p>\n\n\n\n<h3 class=\"wp-block-heading\">Welche Ma\u00dfnahmen wir bei Datenschutzverletzungen anbieten<\/h3>\n\n\n\n<p>Solltest Du der Meinung sein, dass trotz unserer Ma\u00dfnahmen zum Schutz Deiner Daten dennoch eine Verletzung im Sinne der DSGVO vorliegt, so bitten Wir Dich uns dies mitzuteilen. Wir werden, wenn n\u00f6tig,&nbsp; selbstverst\u00e4ndlich unverz\u00fcglich Schritte setzen, um diese Verletzung zu beseitigen. Melde dich bei einem der genannten Personen unter &#8222;<strong>Wer wir sind<\/strong>&#8222;<\/p>\n\n\n\n<h3 class=\"wp-block-heading\">Von welchen Drittanbietern wir Daten erhalten<\/h3>\n\n\n\n<p>Derzeit erhalten wir von keinem Drittanbieter Daten.<\/p>\n","protected":false},"excerpt":{"rendered":"<p>Wer wir sind Der Turnverein Kirchheimbolanden e.V.Die offizielle Anschrift des Turnvereins lautet: Turnverein Kirchheimbolanden e. V.Postfach 138067292 Kirchheimbolanden Vertreten durch:Ulrich Schlicher, Glockenstra\u00dfe 5, 67292 Kirchheimbolanden E-Mail-Adresse: u.schlicher@turnverein-kirchheimbolanden.de Die Adresse unserer Website ist: https:\/\/www.turnverein-kirchheimbolanden.de Welche personenbezogenen Daten wir sammeln und warum wir sie sammeln Kommentare Wenn Besucher Kommentare auf der Website schreiben, sammeln wir die Daten, [&hellip;]<\/p>\n","protected":false},"author":1,"featured_media":0,"parent":0,"menu_order":0,"comment_status":"closed","ping_status":"open","template":"page-tvk.php","meta":{"footnotes":""},"class_list":["post-3","page","type-page","status-publish","hentry"],"_links":{"self":[{"href":"https:\/\/www.turnverein-kirchheimbolanden.de\/index.php?rest_route=\/wp\/v2\/pages\/3","targetHints":{"allow":["GET"]}}],"collection":[{"href":"https:\/\/www.turnverein-kirchheimbolanden.de\/index.php?rest_route=\/wp\/v2\/pages"}],"about":[{"href":"https:\/\/www.turnverein-kirchheimbolanden.de\/index.php?rest_route=\/wp\/v2\/types\/page"}],"author":[{"embeddable":true,"href":"https:\/\/www.turnverein-kirchheimbolanden.de\/index.php?rest_route=\/wp\/v2\/users\/1"}],"replies":[{"embeddable":true,"href":"https:\/\/www.turnverein-kirchheimbolanden.de\/index.php?rest_route=%2Fwp%2Fv2%2Fcomments&post=3"}],"version-history":[{"count":2,"href":"https:\/\/www.turnverein-kirchheimbolanden.de\/index.php?rest_route=\/wp\/v2\/pages\/3\/revisions"}],"predecessor-version":[{"id":412,"href":"https:\/\/www.turnverein-kirchheimbolanden.de\/index.php?rest_route=\/wp\/v2\/pages\/3\/revisions\/412"}],"wp:attachment":[{"href":"https:\/\/www.turnverein-kirchheimbolanden.de\/index.php?rest_route=%2Fwp%2Fv2%2Fmedia&parent=3"}],"curies":[{"name":"wp","href":"https:\/\/api.w.org\/{rel}","templated":true}]}}