{"id":172,"date":"2021-08-06T20:42:50","date_gmt":"2021-08-06T18:42:50","guid":{"rendered":"http:\/\/wp.turnverein-kirchheimbolanden.de\/?page_id=172"},"modified":"2025-12-03T19:21:58","modified_gmt":"2025-12-03T18:21:58","slug":"mitgliedschaft","status":"publish","type":"page","link":"https:\/\/www.turnverein-kirchheimbolanden.de\/?page_id=172","title":{"rendered":"Mitgliedschaft"},"content":{"rendered":"\n<figure class=\"wp-block-image size-large\"><img loading=\"lazy\" decoding=\"async\" width=\"1024\" height=\"683\" src=\"http:\/\/wp.turnverein-kirchheimbolanden.de\/wp-content\/uploads\/2021\/08\/Mitgliedervewaltung-1024x683.jpg\" alt=\"\" class=\"wp-image-173\" srcset=\"https:\/\/www.turnverein-kirchheimbolanden.de\/wp-content\/uploads\/2021\/08\/Mitgliedervewaltung-1024x683.jpg 1024w, https:\/\/www.turnverein-kirchheimbolanden.de\/wp-content\/uploads\/2021\/08\/Mitgliedervewaltung-300x200.jpg 300w, https:\/\/www.turnverein-kirchheimbolanden.de\/wp-content\/uploads\/2021\/08\/Mitgliedervewaltung-768x512.jpg 768w, https:\/\/www.turnverein-kirchheimbolanden.de\/wp-content\/uploads\/2021\/08\/Mitgliedervewaltung-1536x1024.jpg 1536w, https:\/\/www.turnverein-kirchheimbolanden.de\/wp-content\/uploads\/2021\/08\/Mitgliedervewaltung-2048x1365.jpg 2048w\" sizes=\"auto, (max-width: 1024px) 100vw, 1024px\" \/><\/figure>\n\n\n\n<h2 class=\"wp-block-heading\">Mitgliedschaft beim Turnverein Kirchheimbolanden e.V.<\/h2>\n\n\n\n<p>Wenn Sie Mitglied beim TVK werden m\u00f6chten, beachten Sie bitte folgende Schritte:<\/p>\n\n\n\n<ul class=\"wp-block-list\">\n<li>Den Aufnahmeantrag k\u00f6nnen sie <a href=\"https:\/\/www.turnverein-kirchheimbolanden.de\/wp-content\/uploads\/2025\/12\/Aufnahmeantrag_Stand2026_0101.pdf\" data-type=\"attachment\" data-id=\"401\"><strong>hier <\/strong><\/a>herunterladen , alle erforderlichen Felder ausf\u00fcllen und uns <strong>per E-Mail eingescannt als PDF-Datei<\/strong> zukommen lassen <strong>(aus Datenschutzgr\u00fcnden nicht \u00fcber soziale Medien senden).<\/strong><\/li>\n\n\n\n<li>Sie k\u00f6nnen den Antrag ausdrucken und uns vollst\u00e4ndig ausgef\u00fcllt per Post an folgende Adresse zuschicken:<br><strong>Turnverein Kirchheimbolanden e.V.<br>Postfach 1380<br>67286 Kirchheimbolanden<\/strong><br><\/li>\n<\/ul>\n\n\n\n<p>Mit der Beantragung der Mitgliedschaft erkennen Sie unsere aktuelle Vereinssatzung an. Die Satzung k\u00f6nnen Sie <a href=\"http:\/\/wp.turnverein-kirchheimbolanden.de\/wp-content\/uploads\/2022\/12\/TVK-Aufnahmeantrag_DSGVO-3.pdf\">hier <\/a>herunterladen.<\/p>\n\n\n\n<h2 class=\"wp-block-heading\">Mitgliedsbeitr\u00e4ge<\/h2>\n\n\n\n<p>F\u00fcr die Mitgliedschaft im Turnverein Kirchheimbolanden e.V. erheben wir folgende Jahresbeitr\u00e4ge:<\/p>\n\n\n\n<figure class=\"wp-block-table\"><table><tbody><tr><td>Familienbeitrag<\/td><td class=\"has-text-align-center\" data-align=\"center\">92,00 Euro<\/td><\/tr><tr><td>Einzelbeitrag<\/td><td class=\"has-text-align-center\" data-align=\"center\">75,00 Euro<\/td><\/tr><tr><td>Jugendbeitrag<\/td><td class=\"has-text-align-center\" data-align=\"center\">48,00 Euro<\/td><\/tr><\/tbody><\/table><\/figure>\n\n\n\n<p>Dazu erheben wir folgende Sonderbeitr\u00e4ge:<\/p>\n\n\n\n<h4 class=\"wp-block-heading\">Sonderbeitrag Kampfsport (Aikido, Judo, Ju-Jutsu)<\/h4>\n\n\n\n<figure class=\"wp-block-table is-style-regular\"><table><tbody><tr><td>Familienbeitrag<\/td><td class=\"has-text-align-center\" data-align=\"center\">60,00 Euro<\/td><\/tr><tr><td>Einzel- und Jugendbeitrag<\/td><td class=\"has-text-align-center\" data-align=\"center\">50,00 Euro<\/td><\/tr><\/tbody><\/table><\/figure>\n\n\n\n<h4 class=\"wp-block-heading\">Ballgeld (aktive Badmintonspieler)<\/h4>\n\n\n\n<figure class=\"wp-block-table\"><table><tbody><tr><td>Erwachsene<\/td><td class=\"has-text-align-center\" data-align=\"center\">48,00 Euro<\/td><\/tr><tr><td>Jugendliche<\/td><td class=\"has-text-align-center\" data-align=\"center\">18,00 Euro<\/td><\/tr><\/tbody><\/table><\/figure>\n\n\n\n<p><strong>F\u00fcr Kursangebote k\u00f6nnen zus\u00e4tzliche Kosten anfallen.<\/strong><\/p>\n\n\n\n<h2 class=\"wp-block-heading\">K\u00fcndigung der Mitgliedschaft<\/h2>\n\n\n\n<p>Die K\u00fcndigung der Mitgliedschaft ist nur zum Ende des jeweiligen Kalenderjahres m\u00f6glich. Sie k\u00f6nnen uns formlos eine E-Mail an die Adresse <a href=\"mailto:mitglieder@turnverein-kirchheimbolanden.de\">mitglieder@turnverein-kirchheimbolanden.de<\/a> schicken oder auch schriftlich k\u00fcndigen und das Schreiben an unsere Postfachadresse (s.o.) schicken. <strong>Aus Datenschutz-gr\u00fcnden keine Dateien oder pers\u00f6nliche Daten \u00fcber soziale Medien senden<\/strong><\/p>\n\n\n\n<h2 class=\"wp-block-heading\">Antr\u00e4ge \/ Formulare \/Satzungen<\/h2>\n\n\n\n<div class=\"wp-block-buttons has-custom-font-size has-small-font-size is-layout-flex wp-block-buttons-is-layout-flex\">\n<div class=\"wp-block-button\"><a class=\"wp-block-button__link has-white-color has-text-color has-background wp-element-button\" href=\"https:\/\/www.turnverein-kirchheimbolanden.de\/wp-content\/uploads\/2025\/12\/Aufnahmeantrag_Stand2026_0101.pdf\" style=\"background-color:#042416\" target=\"_blank\" rel=\"noreferrer noopener\">Aufnahmeantrag<\/a><\/div>\n\n\n\n<div class=\"wp-block-button\"><a class=\"wp-block-button__link has-white-color has-text-color has-background wp-element-button\" href=\"http:\/\/wp.turnverein-kirchheimbolanden.de\/wp-content\/uploads\/2023\/01\/Satzung-TVK_20160614.pdf\" style=\"background-color:#042416\" target=\"_blank\" rel=\"noreferrer noopener\">Satzung<\/a><\/div>\n<\/div>\n\n\n\n<div style=\"height:53px\" aria-hidden=\"true\" class=\"wp-block-spacer\"><\/div>\n","protected":false},"excerpt":{"rendered":"<p>Mitgliedschaft beim Turnverein Kirchheimbolanden e.V. Wenn Sie Mitglied beim TVK werden m\u00f6chten, beachten Sie bitte folgende Schritte: Mit der Beantragung der Mitgliedschaft erkennen Sie unsere aktuelle Vereinssatzung an. Die Satzung k\u00f6nnen Sie hier herunterladen. Mitgliedsbeitr\u00e4ge F\u00fcr die Mitgliedschaft im Turnverein Kirchheimbolanden e.V. erheben wir folgende Jahresbeitr\u00e4ge: Familienbeitrag 92,00 Euro Einzelbeitrag 75,00 Euro Jugendbeitrag 48,00 Euro [&hellip;]<\/p>\n","protected":false},"author":1,"featured_media":0,"parent":0,"menu_order":0,"comment_status":"closed","ping_status":"closed","template":"page-tvk.php","meta":{"footnotes":""},"class_list":["post-172","page","type-page","status-publish","hentry"],"_links":{"self":[{"href":"https:\/\/www.turnverein-kirchheimbolanden.de\/index.php?rest_route=\/wp\/v2\/pages\/172","targetHints":{"allow":["GET"]}}],"collection":[{"href":"https:\/\/www.turnverein-kirchheimbolanden.de\/index.php?rest_route=\/wp\/v2\/pages"}],"about":[{"href":"https:\/\/www.turnverein-kirchheimbolanden.de\/index.php?rest_route=\/wp\/v2\/types\/page"}],"author":[{"embeddable":true,"href":"https:\/\/www.turnverein-kirchheimbolanden.de\/index.php?rest_route=\/wp\/v2\/users\/1"}],"replies":[{"embeddable":true,"href":"https:\/\/www.turnverein-kirchheimbolanden.de\/index.php?rest_route=%2Fwp%2Fv2%2Fcomments&post=172"}],"version-history":[{"count":20,"href":"https:\/\/www.turnverein-kirchheimbolanden.de\/index.php?rest_route=\/wp\/v2\/pages\/172\/revisions"}],"predecessor-version":[{"id":567,"href":"https:\/\/www.turnverein-kirchheimbolanden.de\/index.php?rest_route=\/wp\/v2\/pages\/172\/revisions\/567"}],"wp:attachment":[{"href":"https:\/\/www.turnverein-kirchheimbolanden.de\/index.php?rest_route=%2Fwp%2Fv2%2Fmedia&parent=172"}],"curies":[{"name":"wp","href":"https:\/\/api.w.org\/{rel}","templated":true}]}}