{"id":138,"date":"2021-08-05T22:52:10","date_gmt":"2021-08-05T20:52:10","guid":{"rendered":"http:\/\/wp.turnverein-kirchheimbolanden.de\/?page_id=138"},"modified":"2025-12-13T20:15:36","modified_gmt":"2025-12-13T19:15:36","slug":"tanzen","status":"publish","type":"page","link":"https:\/\/www.turnverein-kirchheimbolanden.de\/?page_id=138","title":{"rendered":"Tanzen"},"content":{"rendered":"\n<figure class=\"wp-block-gallery has-nested-images columns-default is-cropped wp-block-gallery-1 is-layout-flex wp-block-gallery-is-layout-flex\">\n<figure class=\"wp-block-image size-large\"><img loading=\"lazy\" decoding=\"async\" width=\"1024\" height=\"683\" data-id=\"467\" src=\"https:\/\/www.turnverein-kirchheimbolanden.de\/wp-content\/uploads\/2023\/02\/Tanzen_TVK2-1024x683.jpg\" alt=\"\" class=\"wp-image-467\" srcset=\"https:\/\/www.turnverein-kirchheimbolanden.de\/wp-content\/uploads\/2023\/02\/Tanzen_TVK2-1024x683.jpg 1024w, https:\/\/www.turnverein-kirchheimbolanden.de\/wp-content\/uploads\/2023\/02\/Tanzen_TVK2-300x200.jpg 300w, https:\/\/www.turnverein-kirchheimbolanden.de\/wp-content\/uploads\/2023\/02\/Tanzen_TVK2-768x512.jpg 768w, https:\/\/www.turnverein-kirchheimbolanden.de\/wp-content\/uploads\/2023\/02\/Tanzen_TVK2-1536x1024.jpg 1536w, https:\/\/www.turnverein-kirchheimbolanden.de\/wp-content\/uploads\/2023\/02\/Tanzen_TVK2-2048x1365.jpg 2048w\" sizes=\"auto, (max-width: 1024px) 100vw, 1024px\" \/><\/figure>\n<\/figure>\n\n\n\n<h1 class=\"wp-block-heading\">Kurzvorstellung Tanzen<\/h1>\n\n\n<div class=\"wp-block-image\">\n<figure class=\"alignleft size-full is-resized\"><img decoding=\"async\" src=\"https:\/\/www.turnverein-kirchheimbolanden.de\/wp-content\/uploads\/grafik-webseite\/tanzen.png\" alt=\"\" class=\"wp-image-54\" style=\"width:106px;height:106px\"\/><\/figure>\n<\/div>\n\n\n<p>M\u00f6chten Sie tanzen? Haben Sie Freude an Bewegung zu guter Musik ? Wir bieten Tanzen als Breitensport und \u00fcben sowohl Standardt\u00e4nze als auch Latein-Amerikanische T\u00e4nze, aber auch Disco Fox, Gruppent\u00e4nze und New Vogue. F\u00fcr besondere Gelegenheiten gibt es auch mal kleine Auftritte.<\/p>\n\n\n\n<p>\u2022&nbsp;Unsere \u00dcbungsleiter\/Trainer bieten uns individuelles Training<\/p>\n\n\n\n<p>\u2022&nbsp;Mit unserer guten Vorbereitung k\u00f6nnen Sie die Tanzsportabzeichen erwerben<\/p>\n\n\n\n<p>\u2022&nbsp;GESELLIGKEIT wird bei uns GRO\u00df GESCHRIEBEN<\/p>\n\n\n\n<p>\u2022&nbsp;Sprechen Sie uns an oder kommen Sie einfach vorbei zu einem \u00dcbungsabend.<\/p>\n\n\n\n<p>Wir sind sicher, dass Sie sich bei uns wohlf\u00fchlen und mit uns Spa\u00df haben. G\u00f6nnen Sie sich ein entspannendes Tanzvergn\u00fcgen.&nbsp;<\/p>\n\n\n\n<p><\/p>\n\n\n\n<h2 class=\"wp-block-heading\">Ansprechpartner<\/h2>\n\n\n\n<p>F\u00fcr Fragen stehen gerne zur Verf\u00fcgung:<\/p>\n\n\n\n<div class=\"wp-block-media-text alignwide is-stacked-on-mobile\" style=\"grid-template-columns:15% auto\"><figure class=\"wp-block-media-text__media\"><img decoding=\"async\" src=\"http:\/\/wp.turnverein-kirchheimbolanden.de\/wp-content\/uploads\/grafik-webseite\/dummy-person_3.jpg\" alt=\"\" class=\"wp-image-65 size-full\"\/><\/figure><div class=\"wp-block-media-text__content\">\n<p class=\"has-large-font-size\">Dr. Karl-Heinz Ognibeni<\/p>\n\n\n\n<p>Abteilungsleiter<\/p>\n\n\n\n<p><i class=\"fas fa-phone-alt\"><\/i> +49 6352 2331<\/p>\n\n\n\n<p><i class=\"fas fa-envelope\"><\/i> tanzen@turnverein-kirchheimbolanden.de<\/p>\n<\/div><\/div>\n\n\n\n<h2 class=\"wp-block-heading\">Training<\/h2>\n\n\n\n<p>Unsere Trainingseinheiten finden an folgenden Tagen statt:<\/p>\n\n\n<div class=\"wp-block-timetable\">\t    <div class=\"mptt-shortcode-wrapper mptt-table-responsive\">\n\t\t\t<select class=\"mptt-menu mptt-navigation-select\" style=\"display:none;\">\n\t\t\t\t\t\t\t<option value=\"all\">Alle Veranstaltungen<\/option>\n\t\t\t\t\t\t\t\t<option value=\"tanzen\">Tanzen<\/option>\n\t\t\t\t\t\t<\/select>\n\t\t<table class=\"mptt-shortcode-table  mptt-theme-mode\" id=\"#all\" style=\"display:none; \" data-hide_empty_row=\"1\">\n\t\t<thead>\n<tr class=\"mptt-shortcode-row\">\n\t\t\t<th data-index=\"0\" data-column-id=\"\"><\/th>\n\t\t\t<th data-index=\"1\" data-column-id=\"272\">Donnerstag<\/th>\n\t<\/tr>\n<\/thead>\t\t<tbody>\n\t\t\t\t\t\t<tr class=\"mptt-shortcode-row-40\" data-index=\"40\">\n\t\t\t\t\t\t\t\t\t\t\t\t<td class=\"mptt-shortcode-hours\" style=\"height:45px;\">20:00<\/td>\n\t\t\t\t\t\t\t\t\t\t\t\t\t\t<td class=\"mptt-shortcode-event  mptt-event-vertical-default\" data-column-id=\"272\" colspan=\"1\" data-row_height=\"45\" style=\"height:45px;\">\n\t\t\t\t\t\t\t\t<div data-event-id=\"424\"\n     data-start=\"40\"\n     data-start-item=\"40\"\n     data-end=\"44\"\n     class=\"mptt-event-container id-61 mptt-colorized\"\n     data-type=\"event\"\n     data-bg_hover_color=\"\"\n     data-bg_color=\"rgb(159, 197, 232)\"\n     data-hover_color=\"\"\n     data-color=\"rgb(0, 0, 0)\"\n     data-min-height=\"\"\n     style=\"text-align:center;     background-color:rgb(159, 197, 232);     color:rgb(0, 0, 0);     height:100%;     \">\n\t<div class=\"mptt-inner-event-content\">\n\t\t\t\t\t\t<a title=\"Tanzen\" href=\"https:\/\/www.turnverein-kirchheimbolanden.de\/?mp-event=tanzen\" class=\"event-title\">Tanzen<\/a>\n\t\t\t\t\t\t<p class=\"timeslot\">\n\t\t\t\t<time datetime=\"20:15\" class=\"timeslot-start\">20:15<\/time>\n\t\t\t\t<span class=\"timeslot-delimiter\"> &#8211; <\/span>\n\t\t\t\t<time datetime=\"22:00\" class=\"timeslot-end\">22:00<\/time>\n\t\t\t<\/p>\n\t\t\t\t\t<p class=\"event-description\">Gymnastikhalle der Grundschule Kirchheimbolanden<\/p>\n\t\t\t<\/div>\n<\/div>\t\t\t\t\t\t\t<\/td>\n\t\t\t\t\t\t\t\t\t\t<\/tr>\n\t\t\t\t\t\t\t<tr class=\"mptt-shortcode-row-41\" data-index=\"41\">\n\t\t\t\t\t\t\t\t\t\t\t\t<td class=\"mptt-shortcode-hours\" style=\"height:45px;\">20:30<\/td>\n\t\t\t\t\t\t\t\t\t\t\t\t\t\t<td class=\"mptt-shortcode-event  mptt-event-vertical-default\" data-column-id=\"272\" colspan=\"1\" data-row_height=\"45\" style=\"height:45px;\">\n\t\t\t\t\t\t\t\t\t\t\t\t\t\t\t<\/td>\n\t\t\t\t\t\t\t\t\t\t<\/tr>\n\t\t\t\t\t\t\t<tr class=\"mptt-shortcode-row-42\" data-index=\"42\">\n\t\t\t\t\t\t\t\t\t\t\t\t<td class=\"mptt-shortcode-hours\" style=\"height:45px;\">21:00<\/td>\n\t\t\t\t\t\t\t\t\t\t\t\t\t\t<td class=\"mptt-shortcode-event  mptt-event-vertical-default\" data-column-id=\"272\" colspan=\"1\" data-row_height=\"45\" style=\"height:45px;\">\n\t\t\t\t\t\t\t\t\t\t\t\t\t\t\t<\/td>\n\t\t\t\t\t\t\t\t\t\t<\/tr>\n\t\t\t\t\t\t\t<tr class=\"mptt-shortcode-row-43\" data-index=\"43\">\n\t\t\t\t\t\t\t\t\t\t\t\t<td class=\"mptt-shortcode-hours\" style=\"height:45px;\">21:30<\/td>\n\t\t\t\t\t\t\t\t\t\t\t\t\t\t<td class=\"mptt-shortcode-event  mptt-event-vertical-default\" data-column-id=\"272\" colspan=\"1\" data-row_height=\"45\" style=\"height:45px;\">\n\t\t\t\t\t\t\t\t\t\t\t\t\t\t\t<\/td>\n\t\t\t\t\t\t\t\t\t\t<\/tr>\n\t\t\t\t\t<\/tbody>\n\t<\/table>\n\t\t<table class=\"mptt-shortcode-table  mptt-theme-mode\" id=\"#tanzen\" style=\"display:none; \" data-hide_empty_row=\"1\">\n\t\t<thead>\n<tr class=\"mptt-shortcode-row\">\n\t\t\t<th data-index=\"0\" data-column-id=\"\"><\/th>\n\t\t\t<th data-index=\"1\" data-column-id=\"272\">Donnerstag<\/th>\n\t<\/tr>\n<\/thead>\t\t<tbody>\n\t\t\t\t\t\t<tr class=\"mptt-shortcode-row-40\" data-index=\"40\">\n\t\t\t\t\t\t\t\t\t\t\t\t<td class=\"mptt-shortcode-hours\" style=\"height:45px;\">20:00<\/td>\n\t\t\t\t\t\t\t\t\t\t\t\t\t\t<td class=\"mptt-shortcode-event  mptt-event-vertical-default\" data-column-id=\"272\" colspan=\"1\" data-row_height=\"45\" style=\"height:45px;\">\n\t\t\t\t\t\t\t\t<div data-event-id=\"424\"\n     data-start=\"40\"\n     data-start-item=\"40\"\n     data-end=\"44\"\n     class=\"mptt-event-container id-61 mptt-colorized\"\n     data-type=\"event\"\n     data-bg_hover_color=\"\"\n     data-bg_color=\"rgb(159, 197, 232)\"\n     data-hover_color=\"\"\n     data-color=\"rgb(0, 0, 0)\"\n     data-min-height=\"\"\n     style=\"text-align:center;     background-color:rgb(159, 197, 232);     color:rgb(0, 0, 0);     height:100%;     \">\n\t<div class=\"mptt-inner-event-content\">\n\t\t\t\t\t\t<a title=\"Tanzen\" href=\"https:\/\/www.turnverein-kirchheimbolanden.de\/?mp-event=tanzen\" class=\"event-title\">Tanzen<\/a>\n\t\t\t\t\t\t<p class=\"timeslot\">\n\t\t\t\t<time datetime=\"20:15\" class=\"timeslot-start\">20:15<\/time>\n\t\t\t\t<span class=\"timeslot-delimiter\"> &#8211; <\/span>\n\t\t\t\t<time datetime=\"22:00\" class=\"timeslot-end\">22:00<\/time>\n\t\t\t<\/p>\n\t\t\t\t\t<p class=\"event-description\">Gymnastikhalle der Grundschule Kirchheimbolanden<\/p>\n\t\t\t<\/div>\n<\/div>\t\t\t\t\t\t\t<\/td>\n\t\t\t\t\t\t\t\t\t\t<\/tr>\n\t\t\t\t\t\t\t<tr class=\"mptt-shortcode-row-41\" data-index=\"41\">\n\t\t\t\t\t\t\t\t\t\t\t\t<td class=\"mptt-shortcode-hours\" style=\"height:45px;\">20:30<\/td>\n\t\t\t\t\t\t\t\t\t\t\t\t\t\t<td class=\"mptt-shortcode-event  mptt-event-vertical-default\" data-column-id=\"272\" colspan=\"1\" data-row_height=\"45\" style=\"height:45px;\">\n\t\t\t\t\t\t\t\t\t\t\t\t\t\t\t<\/td>\n\t\t\t\t\t\t\t\t\t\t<\/tr>\n\t\t\t\t\t\t\t<tr class=\"mptt-shortcode-row-42\" data-index=\"42\">\n\t\t\t\t\t\t\t\t\t\t\t\t<td class=\"mptt-shortcode-hours\" style=\"height:45px;\">21:00<\/td>\n\t\t\t\t\t\t\t\t\t\t\t\t\t\t<td class=\"mptt-shortcode-event  mptt-event-vertical-default\" data-column-id=\"272\" colspan=\"1\" data-row_height=\"45\" style=\"height:45px;\">\n\t\t\t\t\t\t\t\t\t\t\t\t\t\t\t<\/td>\n\t\t\t\t\t\t\t\t\t\t<\/tr>\n\t\t\t\t\t\t\t<tr class=\"mptt-shortcode-row-43\" data-index=\"43\">\n\t\t\t\t\t\t\t\t\t\t\t\t<td class=\"mptt-shortcode-hours\" style=\"height:45px;\">21:30<\/td>\n\t\t\t\t\t\t\t\t\t\t\t\t\t\t<td class=\"mptt-shortcode-event  mptt-event-vertical-default\" data-column-id=\"272\" colspan=\"1\" data-row_height=\"45\" style=\"height:45px;\">\n\t\t\t\t\t\t\t\t\t\t\t\t\t\t\t<\/td>\n\t\t\t\t\t\t\t\t\t\t<\/tr>\n\t\t\t\t\t<\/tbody>\n\t<\/table>\n\t\t\t<div class=\"mptt-shortcode-list \">\n\t\t\t\t\t\t\t\t<div class=\"mptt-column\">\n\t\t\t\t\t\t<h3 class=\"mptt-column-title\">Donnerstag<\/h3>\n\t\t\t\t\t\t<ul class=\"mptt-events-list\">\n\t\t\t\t\t\t\t\t\t\t\t\t\t\t\t\t<li class=\"mptt-list-event\" data-event-id=\"tanzen\"\n\t\t\t\t\t\t\t\t\t\tstyle=\"border-left-color:rgb(159, 197, 232);\">\n\t\t\t\t\t\t\t\t\t\t\t\t\t\t\t\t\t\t\t\t\t\t<a title=\"Tanzen\"\n\t\t\t\t\t\t\t\t\t\t\t\thref=\"https:\/\/www.turnverein-kirchheimbolanden.de\/?mp-event=tanzen\"\n\t\t\t\t\t\t\t\t\t\t\t\tclass=\"mptt-event-title\">\n\t\t\t\t\t\t\t\t\t\t\tTanzen\t\t\t\t\t\t\t\t\t\t\t\t<\/a>\n\t\t\t\t\t\t\t\t\t\t\t\t\t\t\t\t\t\t\t\t\t\t<p class=\"timeslot\">\n\t\t\t\t\t\t\t\t\t\t\t\t<time datetime=\"20:15\" class=\"timeslot-start\">20:15<\/time>\n\t\t\t\t\t\t\t\t\t\t\t\t<span class=\"timeslot-delimiter\"> &#8211; <\/span>\n\t\t\t\t\t\t\t\t\t\t\t\t<time datetime=\"22:00\" class=\"timeslot-end\">22:00<\/time>\n\t\t\t\t\t\t\t\t\t\t\t<\/p>\n\t\t\t\t\t\t\t\t\t\t\t\t\t\t\t\t\t\t\t\t\t<p class=\"event-description\">Gymnastikhalle der Grundschule Kirchheimbolanden<\/p>\n\t\t\t\t\t\t\t\t\t\t\t\t\t\t\t\t\t\t\t<\/li>\n\t\t\t\t\t\t\t\t\t\t\t\t\t\t<\/ul>\n\t\t\t\t\t<\/div>\n\t\t\t\t\t\t<\/div>\n\t\t<\/div>\n<\/div>\n\n\n<p><\/p>\n","protected":false},"excerpt":{"rendered":"<p>Kurzvorstellung Tanzen M\u00f6chten Sie tanzen? Haben Sie Freude an Bewegung zu guter Musik ? Wir bieten Tanzen als Breitensport und \u00fcben sowohl Standardt\u00e4nze als auch Latein-Amerikanische T\u00e4nze, aber auch Disco Fox, Gruppent\u00e4nze und New Vogue. F\u00fcr besondere Gelegenheiten gibt es auch mal kleine Auftritte. \u2022&nbsp;Unsere \u00dcbungsleiter\/Trainer bieten uns individuelles Training \u2022&nbsp;Mit unserer guten Vorbereitung k\u00f6nnen [&hellip;]<\/p>\n","protected":false},"author":1,"featured_media":0,"parent":0,"menu_order":0,"comment_status":"closed","ping_status":"closed","template":"page-tvk.php","meta":{"footnotes":""},"class_list":["post-138","page","type-page","status-publish","hentry"],"_links":{"self":[{"href":"https:\/\/www.turnverein-kirchheimbolanden.de\/index.php?rest_route=\/wp\/v2\/pages\/138","targetHints":{"allow":["GET"]}}],"collection":[{"href":"https:\/\/www.turnverein-kirchheimbolanden.de\/index.php?rest_route=\/wp\/v2\/pages"}],"about":[{"href":"https:\/\/www.turnverein-kirchheimbolanden.de\/index.php?rest_route=\/wp\/v2\/types\/page"}],"author":[{"embeddable":true,"href":"https:\/\/www.turnverein-kirchheimbolanden.de\/index.php?rest_route=\/wp\/v2\/users\/1"}],"replies":[{"embeddable":true,"href":"https:\/\/www.turnverein-kirchheimbolanden.de\/index.php?rest_route=%2Fwp%2Fv2%2Fcomments&post=138"}],"version-history":[{"count":11,"href":"https:\/\/www.turnverein-kirchheimbolanden.de\/index.php?rest_route=\/wp\/v2\/pages\/138\/revisions"}],"predecessor-version":[{"id":578,"href":"https:\/\/www.turnverein-kirchheimbolanden.de\/index.php?rest_route=\/wp\/v2\/pages\/138\/revisions\/578"}],"wp:attachment":[{"href":"https:\/\/www.turnverein-kirchheimbolanden.de\/index.php?rest_route=%2Fwp%2Fv2%2Fmedia&parent=138"}],"curies":[{"name":"wp","href":"https:\/\/api.w.org\/{rel}","templated":true}]}}