{"id":136,"date":"2021-08-05T22:51:19","date_gmt":"2021-08-05T20:51:19","guid":{"rendered":"http:\/\/wp.turnverein-kirchheimbolanden.de\/?page_id=136"},"modified":"2025-12-13T20:15:00","modified_gmt":"2025-12-13T19:15:00","slug":"sportkegeln","status":"publish","type":"page","link":"https:\/\/www.turnverein-kirchheimbolanden.de\/?page_id=136","title":{"rendered":"Sportkegeln"},"content":{"rendered":"\n<h1 class=\"wp-block-heading\">Kurzvorstellung Sportkegeln<\/h1>\n\n\n\n<figure class=\"wp-block-image size-large\"><img loading=\"lazy\" decoding=\"async\" width=\"1024\" height=\"683\" src=\"https:\/\/www.turnverein-kirchheimbolanden.de\/wp-content\/uploads\/2023\/02\/Sportkegeln_TVK-1024x683.jpg\" alt=\"\" class=\"wp-image-469\" srcset=\"https:\/\/www.turnverein-kirchheimbolanden.de\/wp-content\/uploads\/2023\/02\/Sportkegeln_TVK-1024x683.jpg 1024w, https:\/\/www.turnverein-kirchheimbolanden.de\/wp-content\/uploads\/2023\/02\/Sportkegeln_TVK-300x200.jpg 300w, https:\/\/www.turnverein-kirchheimbolanden.de\/wp-content\/uploads\/2023\/02\/Sportkegeln_TVK-768x512.jpg 768w, https:\/\/www.turnverein-kirchheimbolanden.de\/wp-content\/uploads\/2023\/02\/Sportkegeln_TVK-1536x1024.jpg 1536w, https:\/\/www.turnverein-kirchheimbolanden.de\/wp-content\/uploads\/2023\/02\/Sportkegeln_TVK-2048x1365.jpg 2048w\" sizes=\"auto, (max-width: 1024px) 100vw, 1024px\" \/><\/figure>\n\n\n<div class=\"wp-block-image\">\n<figure class=\"alignleft size-full is-resized\"><img decoding=\"async\" src=\"https:\/\/www.turnverein-kirchheimbolanden.de\/wp-content\/uploads\/grafik-webseite\/sportkegeln.png\" alt=\"\" class=\"wp-image-53\" style=\"width:112px;height:110px\"\/><\/figure>\n<\/div>\n\n\n<p>Im November 1980 wurde in der TVK-Turnhalle eine vierbahnige Kegelbahnanlage eingeweiht. Initiator dieser Erweiterung des Vereinsangebotes war der damalige TVK-Vorsitzende Karl Miedreich, der sich von der Kegelbahnanlage eine Intensivierung des allgemeinen Sportbetriebs versprach. Im Dezember 1980 kam folgerichtig dann eine weitere Sportart im Turnverein Kirchheimbolanden dazu, die Abteilung der Sportkegler. Parallel zur Gr\u00fcndung strebten die Verantwortlichen auch die Mitgliedschaft im Landesfachverband Rheinhessen-Pfalz an. Schon bald wurden die ersten Rundenspiele ausgetragen. Unter der F\u00fchrung des ersten Abteilungsleiters Otwin Freiermuth konnte der TVK von Anfang an jeweils zwei Herren- und Damenmannschaften melden. Schnell wurde die Mitgliederzahl von 50 Personen \u00fcberschritten, der Verein meldete noch eine dritte Herrenmannschaft.<\/p>\n\n\n\n<p>Im Jahr 1982 \u00fcbernahm Hans Husar die F\u00fchrung der Abteilung, wurde aber f\u00fcr die Jahre 1983 bis 1986 von J\u00fcrgen Schlicksupp abgel\u00f6st. Dieser wiederum hatte als Nachfolger Adolf Braml, der bis zum Jahre 2005 die Leitung inne hatte und von Herbert Uhl abgel\u00f6st wurde. Im Jahre 2007 wechselte die F\u00fchrung an Friedrich Thorn, welcher aus gesundheitlichen Gr\u00fcnden im Jubil\u00e4umsjahr erneut den Vorsitz an Herbert Uhl \u00fcbergab.<\/p>\n\n\n\n<p>Die erste Herrenmannschaft und die Damen erspielten sich gleich in ihrer ersten Saison den Meistertitel und stiegen in die n\u00e4chsth\u00f6here Klasse auf. Der gr\u00f6\u00dfte Erfolg der Damen war der Aufstieg in die Verbandsliga im Jahre 2005. Leider war diese Klasse nicht auf Dauer zu halten. Schlie\u00dflich musste aus Personalmangel diese Mannschaft aufgel\u00f6st werden. Seither spielen die Kegler als gemischte Herren- und Damenmannschaft.<\/p>\n\n\n\n<p>Durch intensives Werben konnten die Kegler auch immer mehr auf die Jugend bauen. Der Erfolg lie\u00df nicht lange auf sich warten. Unerwartete Platzierungen konnten erreicht werden. Bei den Landesmeisterschaften kam die weibliche Jugend-B auf einen gro\u00dfartigen 6. Platz. Bei den Einzelspielern war Thomas Grzes das Aush\u00e4ngeschild der Kegler aus der Kreisstadt. In der Runde 1983\/84 wurde er Bezirksmeister der m\u00e4nnlichen Jugend-A.<\/p>\n\n\n\n<p>Im Jahr 2006 wurden die Kegelbahnen, mittlerweile im Besitz der Stadt Kirchheimbolanden, unter finanzieller Beteiligung des TVK renoviert. In diesem Jahr wurde die erste Herrenmannschaft Meister in der A-Klasse und stieg in die Kreisklasse auf. Im Jubil\u00e4umsjahr des TVK 2011 schaffte das erste Team unerwartet den Aufstieg in die Bezirksklasse Rheinhessen. Die zweite Mannschaft spielt weiterhin in der A-Klasse.<\/p>\n\n\n\n<p><\/p>\n\n\n\n<h2 class=\"wp-block-heading\">Ansprechpartner<\/h2>\n\n\n\n<p>F\u00fcr Fragen stehen gerne zur Verf\u00fcgung:<\/p>\n\n\n\n<div class=\"wp-block-media-text alignwide is-stacked-on-mobile\" style=\"grid-template-columns:15% auto\"><figure class=\"wp-block-media-text__media\"><img decoding=\"async\" src=\"http:\/\/wp.turnverein-kirchheimbolanden.de\/wp-content\/uploads\/grafik-webseite\/dummy-person_3.jpg\" alt=\"\" class=\"wp-image-65 size-full\"\/><\/figure><div class=\"wp-block-media-text__content\">\n<p class=\"has-large-font-size\">Ulrich Schlicher<\/p>\n\n\n\n<p>Abteilungsleiter<\/p>\n\n\n\n<p><\/p>\n\n\n\n<p><i class=\"fas fa-phone-alt\"><\/i> +49 176 96673885<\/p>\n\n\n\n<p><i class=\"fas fa-envelope\"><\/i> sportkegeln@turnverein-kirchheimbolanden.de<\/p>\n<\/div><\/div>\n\n\n\n<h2 class=\"wp-block-heading\">Training<\/h2>\n\n\n\n<p>Unsere Trainingseinheiten finden an folgende Tagen statt:<\/p>\n\n\n<div class=\"wp-block-timetable\">\t    <div class=\"mptt-shortcode-wrapper mptt-table-responsive\">\n\t\t\t<select class=\"mptt-menu mptt-navigation-select\" style=\"display:none;\">\n\t\t\t\t\t\t\t<option value=\"all\">Alle Veranstaltungen<\/option>\n\t\t\t\t\t\t\t\t<option value=\"sportkegeln\">Sportkegeln<\/option>\n\t\t\t\t\t\t<\/select>\n\t\t<table class=\"mptt-shortcode-table  mptt-theme-mode\" id=\"#all\" style=\"display:none; \" data-hide_empty_row=\"1\">\n\t\t<thead>\n<tr class=\"mptt-shortcode-row\">\n\t\t\t<th data-index=\"0\" data-column-id=\"\"><\/th>\n\t\t\t<th data-index=\"1\" data-column-id=\"270\">Mittwoch<\/th>\n\t\t\t<th data-index=\"2\" data-column-id=\"272\">Donnerstag<\/th>\n\t<\/tr>\n<\/thead>\t\t<tbody>\n\t\t\t\t\t\t<tr class=\"mptt-shortcode-row-14\" data-index=\"14\">\n\t\t\t\t\t\t\t\t\t\t\t\t<td class=\"mptt-shortcode-hours\" style=\"height:45px;\">14:00<\/td>\n\t\t\t\t\t\t\t\t\t\t\t\t\t\t<td class=\"mptt-shortcode-event  mptt-event-vertical-default\" data-column-id=\"270\" colspan=\"1\" data-row_height=\"45\" style=\"height:45px;\">\n\t\t\t\t\t\t\t\t<div data-event-id=\"387\"\n     data-start=\"14\"\n     data-start-item=\"14\"\n     data-end=\"17\"\n     class=\"mptt-event-container id-59 mptt-colorized\"\n     data-type=\"event\"\n     data-bg_hover_color=\"\"\n     data-bg_color=\"rgb(159, 197, 232)\"\n     data-hover_color=\"\"\n     data-color=\"rgb(0, 0, 0)\"\n     data-min-height=\"\"\n     style=\"text-align:center;     background-color:rgb(159, 197, 232);     color:rgb(0, 0, 0);     height:100%;     \">\n\t<div class=\"mptt-inner-event-content\">\n\t\t\t\t\t\t<a title=\"Sportkegeln\" href=\"https:\/\/www.turnverein-kirchheimbolanden.de\/?mp-event=sportkegeln\" class=\"event-title\">Sportkegeln<\/a>\n\t\t\t\t\t\t<p class=\"timeslot\">\n\t\t\t\t<time datetime=\"14:00\" class=\"timeslot-start\">14:00<\/time>\n\t\t\t\t<span class=\"timeslot-delimiter\"> &#8211; <\/span>\n\t\t\t\t<time datetime=\"17:00\" class=\"timeslot-end\">17:00<\/time>\n\t\t\t<\/p>\n\t\t\t\t\t<p class=\"event-description\">Kegelbahn Jahnturnhalle<\/p>\n\t\t\t<\/div>\n<\/div>\t\t\t\t\t\t\t<\/td>\n\t\t\t\t\t\t\t\t\t\t\t\t\t<td class=\"mptt-shortcode-event  mptt-event-vertical-default\" data-column-id=\"272\" colspan=\"1\" data-row_height=\"45\" style=\"height:45px;\">\n\t\t\t\t\t\t\t\t\t\t\t\t\t\t\t<\/td>\n\t\t\t\t\t\t\t\t\t\t<\/tr>\n\t\t\t\t\t\t\t<tr class=\"mptt-shortcode-row-15\" data-index=\"15\">\n\t\t\t\t\t\t\t\t\t\t\t\t<td class=\"mptt-shortcode-hours\" style=\"height:45px;\">15:00<\/td>\n\t\t\t\t\t\t\t\t\t\t\t\t\t\t<td class=\"mptt-shortcode-event  mptt-event-vertical-default\" data-column-id=\"270\" colspan=\"1\" data-row_height=\"45\" style=\"height:45px;\">\n\t\t\t\t\t\t\t\t\t\t\t\t\t\t\t<\/td>\n\t\t\t\t\t\t\t\t\t\t\t\t\t<td class=\"mptt-shortcode-event  mptt-event-vertical-default\" data-column-id=\"272\" colspan=\"1\" data-row_height=\"45\" style=\"height:45px;\">\n\t\t\t\t\t\t\t\t\t\t\t\t\t\t\t<\/td>\n\t\t\t\t\t\t\t\t\t\t<\/tr>\n\t\t\t\t\t\t\t<tr class=\"mptt-shortcode-row-16\" data-index=\"16\">\n\t\t\t\t\t\t\t\t\t\t\t\t<td class=\"mptt-shortcode-hours\" style=\"height:45px;\">16:00<\/td>\n\t\t\t\t\t\t\t\t\t\t\t\t\t\t<td class=\"mptt-shortcode-event  mptt-event-vertical-default\" data-column-id=\"270\" colspan=\"1\" data-row_height=\"45\" style=\"height:45px;\">\n\t\t\t\t\t\t\t\t\t\t\t\t\t\t\t<\/td>\n\t\t\t\t\t\t\t\t\t\t\t\t\t<td class=\"mptt-shortcode-event  mptt-event-vertical-default\" data-column-id=\"272\" colspan=\"1\" data-row_height=\"45\" style=\"height:45px;\">\n\t\t\t\t\t\t\t\t\t\t\t\t\t\t\t<\/td>\n\t\t\t\t\t\t\t\t\t\t<\/tr>\n\t\t\t\t\t\t\t<tr class=\"mptt-shortcode-row-17\" data-index=\"17\">\n\t\t\t\t\t\t\t\t\t\t\t\t<td class=\"mptt-shortcode-hours\" style=\"height:45px;\">17:00<\/td>\n\t\t\t\t\t\t\t\t\t\t\t\t\t\t<td class=\"mptt-shortcode-event  mptt-event-vertical-default\" data-column-id=\"270\" colspan=\"1\" data-row_height=\"45\" style=\"height:45px;\">\n\t\t\t\t\t\t\t\t\t\t\t\t\t\t\t<\/td>\n\t\t\t\t\t\t\t\t\t\t\t\t\t<td class=\"mptt-shortcode-event  mptt-event-vertical-default\" data-column-id=\"272\" colspan=\"1\" data-row_height=\"45\" style=\"height:45px;\">\n\t\t\t\t\t\t\t\t<div data-event-id=\"387\"\n     data-start=\"17\"\n     data-start-item=\"17\"\n     data-end=\"22\"\n     class=\"mptt-event-container id-60 mptt-colorized\"\n     data-type=\"event\"\n     data-bg_hover_color=\"\"\n     data-bg_color=\"rgb(159, 197, 232)\"\n     data-hover_color=\"\"\n     data-color=\"rgb(0, 0, 0)\"\n     data-min-height=\"\"\n     style=\"text-align:center;     background-color:rgb(159, 197, 232);     color:rgb(0, 0, 0);     height:100%;     \">\n\t<div class=\"mptt-inner-event-content\">\n\t\t\t\t\t\t<a title=\"Sportkegeln\" href=\"https:\/\/www.turnverein-kirchheimbolanden.de\/?mp-event=sportkegeln\" class=\"event-title\">Sportkegeln<\/a>\n\t\t\t\t\t\t<p class=\"timeslot\">\n\t\t\t\t<time datetime=\"17:00\" class=\"timeslot-start\">17:00<\/time>\n\t\t\t\t<span class=\"timeslot-delimiter\"> &#8211; <\/span>\n\t\t\t\t<time datetime=\"22:00\" class=\"timeslot-end\">22:00<\/time>\n\t\t\t<\/p>\n\t\t\t\t\t<p class=\"event-description\">Kegelbahn Jahnturnhalle<\/p>\n\t\t\t<\/div>\n<\/div>\t\t\t\t\t\t\t<\/td>\n\t\t\t\t\t\t\t\t\t\t<\/tr>\n\t\t\t\t\t\t\t<tr class=\"mptt-shortcode-row-18\" data-index=\"18\">\n\t\t\t\t\t\t\t\t\t\t\t\t<td class=\"mptt-shortcode-hours\" style=\"height:45px;\">18:00<\/td>\n\t\t\t\t\t\t\t\t\t\t\t\t\t\t<td class=\"mptt-shortcode-event  mptt-event-vertical-default\" data-column-id=\"270\" colspan=\"1\" data-row_height=\"45\" style=\"height:45px;\">\n\t\t\t\t\t\t\t\t\t\t\t\t\t\t\t<\/td>\n\t\t\t\t\t\t\t\t\t\t\t\t\t<td class=\"mptt-shortcode-event  mptt-event-vertical-default\" data-column-id=\"272\" colspan=\"1\" data-row_height=\"45\" style=\"height:45px;\">\n\t\t\t\t\t\t\t\t\t\t\t\t\t\t\t<\/td>\n\t\t\t\t\t\t\t\t\t\t<\/tr>\n\t\t\t\t\t\t\t<tr class=\"mptt-shortcode-row-19\" data-index=\"19\">\n\t\t\t\t\t\t\t\t\t\t\t\t<td class=\"mptt-shortcode-hours\" style=\"height:45px;\">19:00<\/td>\n\t\t\t\t\t\t\t\t\t\t\t\t\t\t<td class=\"mptt-shortcode-event  mptt-event-vertical-default\" data-column-id=\"270\" colspan=\"1\" data-row_height=\"45\" style=\"height:45px;\">\n\t\t\t\t\t\t\t\t\t\t\t\t\t\t\t<\/td>\n\t\t\t\t\t\t\t\t\t\t\t\t\t<td class=\"mptt-shortcode-event  mptt-event-vertical-default\" data-column-id=\"272\" colspan=\"1\" data-row_height=\"45\" style=\"height:45px;\">\n\t\t\t\t\t\t\t\t\t\t\t\t\t\t\t<\/td>\n\t\t\t\t\t\t\t\t\t\t<\/tr>\n\t\t\t\t\t\t\t<tr class=\"mptt-shortcode-row-20\" data-index=\"20\">\n\t\t\t\t\t\t\t\t\t\t\t\t<td class=\"mptt-shortcode-hours\" style=\"height:45px;\">20:00<\/td>\n\t\t\t\t\t\t\t\t\t\t\t\t\t\t<td class=\"mptt-shortcode-event  mptt-event-vertical-default\" data-column-id=\"270\" colspan=\"1\" data-row_height=\"45\" style=\"height:45px;\">\n\t\t\t\t\t\t\t\t\t\t\t\t\t\t\t<\/td>\n\t\t\t\t\t\t\t\t\t\t\t\t\t<td class=\"mptt-shortcode-event  mptt-event-vertical-default\" data-column-id=\"272\" colspan=\"1\" data-row_height=\"45\" style=\"height:45px;\">\n\t\t\t\t\t\t\t\t\t\t\t\t\t\t\t<\/td>\n\t\t\t\t\t\t\t\t\t\t<\/tr>\n\t\t\t\t\t\t\t<tr class=\"mptt-shortcode-row-21\" data-index=\"21\">\n\t\t\t\t\t\t\t\t\t\t\t\t<td class=\"mptt-shortcode-hours\" style=\"height:45px;\">21:00<\/td>\n\t\t\t\t\t\t\t\t\t\t\t\t\t\t<td class=\"mptt-shortcode-event  mptt-event-vertical-default\" data-column-id=\"270\" colspan=\"1\" data-row_height=\"45\" style=\"height:45px;\">\n\t\t\t\t\t\t\t\t\t\t\t\t\t\t\t<\/td>\n\t\t\t\t\t\t\t\t\t\t\t\t\t<td class=\"mptt-shortcode-event  mptt-event-vertical-default\" data-column-id=\"272\" colspan=\"1\" data-row_height=\"45\" style=\"height:45px;\">\n\t\t\t\t\t\t\t\t\t\t\t\t\t\t\t<\/td>\n\t\t\t\t\t\t\t\t\t\t<\/tr>\n\t\t\t\t\t<\/tbody>\n\t<\/table>\n\t\t<table class=\"mptt-shortcode-table  mptt-theme-mode\" id=\"#sportkegeln\" style=\"display:none; \" data-hide_empty_row=\"1\">\n\t\t<thead>\n<tr class=\"mptt-shortcode-row\">\n\t\t\t<th data-index=\"0\" data-column-id=\"\"><\/th>\n\t\t\t<th data-index=\"1\" data-column-id=\"270\">Mittwoch<\/th>\n\t\t\t<th data-index=\"2\" data-column-id=\"272\">Donnerstag<\/th>\n\t<\/tr>\n<\/thead>\t\t<tbody>\n\t\t\t\t\t\t<tr class=\"mptt-shortcode-row-14\" data-index=\"14\">\n\t\t\t\t\t\t\t\t\t\t\t\t<td class=\"mptt-shortcode-hours\" style=\"height:45px;\">14:00<\/td>\n\t\t\t\t\t\t\t\t\t\t\t\t\t\t<td class=\"mptt-shortcode-event  mptt-event-vertical-default\" data-column-id=\"270\" colspan=\"1\" data-row_height=\"45\" style=\"height:45px;\">\n\t\t\t\t\t\t\t\t<div data-event-id=\"387\"\n     data-start=\"14\"\n     data-start-item=\"14\"\n     data-end=\"17\"\n     class=\"mptt-event-container id-59 mptt-colorized\"\n     data-type=\"event\"\n     data-bg_hover_color=\"\"\n     data-bg_color=\"rgb(159, 197, 232)\"\n     data-hover_color=\"\"\n     data-color=\"rgb(0, 0, 0)\"\n     data-min-height=\"\"\n     style=\"text-align:center;     background-color:rgb(159, 197, 232);     color:rgb(0, 0, 0);     height:100%;     \">\n\t<div class=\"mptt-inner-event-content\">\n\t\t\t\t\t\t<a title=\"Sportkegeln\" href=\"https:\/\/www.turnverein-kirchheimbolanden.de\/?mp-event=sportkegeln\" class=\"event-title\">Sportkegeln<\/a>\n\t\t\t\t\t\t<p class=\"timeslot\">\n\t\t\t\t<time datetime=\"14:00\" class=\"timeslot-start\">14:00<\/time>\n\t\t\t\t<span class=\"timeslot-delimiter\"> &#8211; <\/span>\n\t\t\t\t<time datetime=\"17:00\" class=\"timeslot-end\">17:00<\/time>\n\t\t\t<\/p>\n\t\t\t\t\t<p class=\"event-description\">Kegelbahn Jahnturnhalle<\/p>\n\t\t\t<\/div>\n<\/div>\t\t\t\t\t\t\t<\/td>\n\t\t\t\t\t\t\t\t\t\t\t\t\t<td class=\"mptt-shortcode-event  mptt-event-vertical-default\" data-column-id=\"272\" colspan=\"1\" data-row_height=\"45\" style=\"height:45px;\">\n\t\t\t\t\t\t\t\t\t\t\t\t\t\t\t<\/td>\n\t\t\t\t\t\t\t\t\t\t<\/tr>\n\t\t\t\t\t\t\t<tr class=\"mptt-shortcode-row-15\" data-index=\"15\">\n\t\t\t\t\t\t\t\t\t\t\t\t<td class=\"mptt-shortcode-hours\" style=\"height:45px;\">15:00<\/td>\n\t\t\t\t\t\t\t\t\t\t\t\t\t\t<td class=\"mptt-shortcode-event  mptt-event-vertical-default\" data-column-id=\"270\" colspan=\"1\" data-row_height=\"45\" style=\"height:45px;\">\n\t\t\t\t\t\t\t\t\t\t\t\t\t\t\t<\/td>\n\t\t\t\t\t\t\t\t\t\t\t\t\t<td class=\"mptt-shortcode-event  mptt-event-vertical-default\" data-column-id=\"272\" colspan=\"1\" data-row_height=\"45\" style=\"height:45px;\">\n\t\t\t\t\t\t\t\t\t\t\t\t\t\t\t<\/td>\n\t\t\t\t\t\t\t\t\t\t<\/tr>\n\t\t\t\t\t\t\t<tr class=\"mptt-shortcode-row-16\" data-index=\"16\">\n\t\t\t\t\t\t\t\t\t\t\t\t<td class=\"mptt-shortcode-hours\" style=\"height:45px;\">16:00<\/td>\n\t\t\t\t\t\t\t\t\t\t\t\t\t\t<td class=\"mptt-shortcode-event  mptt-event-vertical-default\" data-column-id=\"270\" colspan=\"1\" data-row_height=\"45\" style=\"height:45px;\">\n\t\t\t\t\t\t\t\t\t\t\t\t\t\t\t<\/td>\n\t\t\t\t\t\t\t\t\t\t\t\t\t<td class=\"mptt-shortcode-event  mptt-event-vertical-default\" data-column-id=\"272\" colspan=\"1\" data-row_height=\"45\" style=\"height:45px;\">\n\t\t\t\t\t\t\t\t\t\t\t\t\t\t\t<\/td>\n\t\t\t\t\t\t\t\t\t\t<\/tr>\n\t\t\t\t\t\t\t<tr class=\"mptt-shortcode-row-17\" data-index=\"17\">\n\t\t\t\t\t\t\t\t\t\t\t\t<td class=\"mptt-shortcode-hours\" style=\"height:45px;\">17:00<\/td>\n\t\t\t\t\t\t\t\t\t\t\t\t\t\t<td class=\"mptt-shortcode-event  mptt-event-vertical-default\" data-column-id=\"270\" colspan=\"1\" data-row_height=\"45\" style=\"height:45px;\">\n\t\t\t\t\t\t\t\t\t\t\t\t\t\t\t<\/td>\n\t\t\t\t\t\t\t\t\t\t\t\t\t<td class=\"mptt-shortcode-event  mptt-event-vertical-default\" data-column-id=\"272\" colspan=\"1\" data-row_height=\"45\" style=\"height:45px;\">\n\t\t\t\t\t\t\t\t<div data-event-id=\"387\"\n     data-start=\"17\"\n     data-start-item=\"17\"\n     data-end=\"22\"\n     class=\"mptt-event-container id-60 mptt-colorized\"\n     data-type=\"event\"\n     data-bg_hover_color=\"\"\n     data-bg_color=\"rgb(159, 197, 232)\"\n     data-hover_color=\"\"\n     data-color=\"rgb(0, 0, 0)\"\n     data-min-height=\"\"\n     style=\"text-align:center;     background-color:rgb(159, 197, 232);     color:rgb(0, 0, 0);     height:100%;     \">\n\t<div class=\"mptt-inner-event-content\">\n\t\t\t\t\t\t<a title=\"Sportkegeln\" href=\"https:\/\/www.turnverein-kirchheimbolanden.de\/?mp-event=sportkegeln\" class=\"event-title\">Sportkegeln<\/a>\n\t\t\t\t\t\t<p class=\"timeslot\">\n\t\t\t\t<time datetime=\"17:00\" class=\"timeslot-start\">17:00<\/time>\n\t\t\t\t<span class=\"timeslot-delimiter\"> &#8211; <\/span>\n\t\t\t\t<time datetime=\"22:00\" class=\"timeslot-end\">22:00<\/time>\n\t\t\t<\/p>\n\t\t\t\t\t<p class=\"event-description\">Kegelbahn Jahnturnhalle<\/p>\n\t\t\t<\/div>\n<\/div>\t\t\t\t\t\t\t<\/td>\n\t\t\t\t\t\t\t\t\t\t<\/tr>\n\t\t\t\t\t\t\t<tr class=\"mptt-shortcode-row-18\" data-index=\"18\">\n\t\t\t\t\t\t\t\t\t\t\t\t<td class=\"mptt-shortcode-hours\" style=\"height:45px;\">18:00<\/td>\n\t\t\t\t\t\t\t\t\t\t\t\t\t\t<td class=\"mptt-shortcode-event  mptt-event-vertical-default\" data-column-id=\"270\" colspan=\"1\" data-row_height=\"45\" style=\"height:45px;\">\n\t\t\t\t\t\t\t\t\t\t\t\t\t\t\t<\/td>\n\t\t\t\t\t\t\t\t\t\t\t\t\t<td class=\"mptt-shortcode-event  mptt-event-vertical-default\" data-column-id=\"272\" colspan=\"1\" data-row_height=\"45\" style=\"height:45px;\">\n\t\t\t\t\t\t\t\t\t\t\t\t\t\t\t<\/td>\n\t\t\t\t\t\t\t\t\t\t<\/tr>\n\t\t\t\t\t\t\t<tr class=\"mptt-shortcode-row-19\" data-index=\"19\">\n\t\t\t\t\t\t\t\t\t\t\t\t<td class=\"mptt-shortcode-hours\" style=\"height:45px;\">19:00<\/td>\n\t\t\t\t\t\t\t\t\t\t\t\t\t\t<td class=\"mptt-shortcode-event  mptt-event-vertical-default\" data-column-id=\"270\" colspan=\"1\" data-row_height=\"45\" style=\"height:45px;\">\n\t\t\t\t\t\t\t\t\t\t\t\t\t\t\t<\/td>\n\t\t\t\t\t\t\t\t\t\t\t\t\t<td class=\"mptt-shortcode-event  mptt-event-vertical-default\" data-column-id=\"272\" colspan=\"1\" data-row_height=\"45\" style=\"height:45px;\">\n\t\t\t\t\t\t\t\t\t\t\t\t\t\t\t<\/td>\n\t\t\t\t\t\t\t\t\t\t<\/tr>\n\t\t\t\t\t\t\t<tr class=\"mptt-shortcode-row-20\" data-index=\"20\">\n\t\t\t\t\t\t\t\t\t\t\t\t<td class=\"mptt-shortcode-hours\" style=\"height:45px;\">20:00<\/td>\n\t\t\t\t\t\t\t\t\t\t\t\t\t\t<td class=\"mptt-shortcode-event  mptt-event-vertical-default\" data-column-id=\"270\" colspan=\"1\" data-row_height=\"45\" style=\"height:45px;\">\n\t\t\t\t\t\t\t\t\t\t\t\t\t\t\t<\/td>\n\t\t\t\t\t\t\t\t\t\t\t\t\t<td class=\"mptt-shortcode-event  mptt-event-vertical-default\" data-column-id=\"272\" colspan=\"1\" data-row_height=\"45\" style=\"height:45px;\">\n\t\t\t\t\t\t\t\t\t\t\t\t\t\t\t<\/td>\n\t\t\t\t\t\t\t\t\t\t<\/tr>\n\t\t\t\t\t\t\t<tr class=\"mptt-shortcode-row-21\" data-index=\"21\">\n\t\t\t\t\t\t\t\t\t\t\t\t<td class=\"mptt-shortcode-hours\" style=\"height:45px;\">21:00<\/td>\n\t\t\t\t\t\t\t\t\t\t\t\t\t\t<td class=\"mptt-shortcode-event  mptt-event-vertical-default\" data-column-id=\"270\" colspan=\"1\" data-row_height=\"45\" style=\"height:45px;\">\n\t\t\t\t\t\t\t\t\t\t\t\t\t\t\t<\/td>\n\t\t\t\t\t\t\t\t\t\t\t\t\t<td class=\"mptt-shortcode-event  mptt-event-vertical-default\" data-column-id=\"272\" colspan=\"1\" data-row_height=\"45\" style=\"height:45px;\">\n\t\t\t\t\t\t\t\t\t\t\t\t\t\t\t<\/td>\n\t\t\t\t\t\t\t\t\t\t<\/tr>\n\t\t\t\t\t<\/tbody>\n\t<\/table>\n\t\t\t<div class=\"mptt-shortcode-list \">\n\t\t\t\t\t\t\t\t<div class=\"mptt-column\">\n\t\t\t\t\t\t<h3 class=\"mptt-column-title\">Mittwoch<\/h3>\n\t\t\t\t\t\t<ul class=\"mptt-events-list\">\n\t\t\t\t\t\t\t\t\t\t\t\t\t\t\t\t<li class=\"mptt-list-event\" data-event-id=\"sportkegeln\"\n\t\t\t\t\t\t\t\t\t\tstyle=\"border-left-color:rgb(159, 197, 232);\">\n\t\t\t\t\t\t\t\t\t\t\t\t\t\t\t\t\t\t\t\t\t\t<a title=\"Sportkegeln\"\n\t\t\t\t\t\t\t\t\t\t\t\thref=\"https:\/\/www.turnverein-kirchheimbolanden.de\/?mp-event=sportkegeln\"\n\t\t\t\t\t\t\t\t\t\t\t\tclass=\"mptt-event-title\">\n\t\t\t\t\t\t\t\t\t\t\tSportkegeln\t\t\t\t\t\t\t\t\t\t\t\t<\/a>\n\t\t\t\t\t\t\t\t\t\t\t\t\t\t\t\t\t\t\t\t\t\t<p class=\"timeslot\">\n\t\t\t\t\t\t\t\t\t\t\t\t<time datetime=\"14:00\" class=\"timeslot-start\">14:00<\/time>\n\t\t\t\t\t\t\t\t\t\t\t\t<span class=\"timeslot-delimiter\"> &#8211; <\/span>\n\t\t\t\t\t\t\t\t\t\t\t\t<time datetime=\"17:00\" class=\"timeslot-end\">17:00<\/time>\n\t\t\t\t\t\t\t\t\t\t\t<\/p>\n\t\t\t\t\t\t\t\t\t\t\t\t\t\t\t\t\t\t\t\t\t<p class=\"event-description\">Kegelbahn Jahnturnhalle<\/p>\n\t\t\t\t\t\t\t\t\t\t\t\t\t\t\t\t\t\t\t<\/li>\n\t\t\t\t\t\t\t\t\t\t\t\t\t\t<\/ul>\n\t\t\t\t\t<\/div>\n\t\t\t\t\t\t\t\t\t<div class=\"mptt-column\">\n\t\t\t\t\t\t<h3 class=\"mptt-column-title\">Donnerstag<\/h3>\n\t\t\t\t\t\t<ul class=\"mptt-events-list\">\n\t\t\t\t\t\t\t\t\t\t\t\t\t\t\t\t<li class=\"mptt-list-event\" data-event-id=\"sportkegeln\"\n\t\t\t\t\t\t\t\t\t\tstyle=\"border-left-color:rgb(159, 197, 232);\">\n\t\t\t\t\t\t\t\t\t\t\t\t\t\t\t\t\t\t\t\t\t\t<a title=\"Sportkegeln\"\n\t\t\t\t\t\t\t\t\t\t\t\thref=\"https:\/\/www.turnverein-kirchheimbolanden.de\/?mp-event=sportkegeln\"\n\t\t\t\t\t\t\t\t\t\t\t\tclass=\"mptt-event-title\">\n\t\t\t\t\t\t\t\t\t\t\tSportkegeln\t\t\t\t\t\t\t\t\t\t\t\t<\/a>\n\t\t\t\t\t\t\t\t\t\t\t\t\t\t\t\t\t\t\t\t\t\t<p class=\"timeslot\">\n\t\t\t\t\t\t\t\t\t\t\t\t<time datetime=\"17:00\" class=\"timeslot-start\">17:00<\/time>\n\t\t\t\t\t\t\t\t\t\t\t\t<span class=\"timeslot-delimiter\"> &#8211; <\/span>\n\t\t\t\t\t\t\t\t\t\t\t\t<time datetime=\"22:00\" class=\"timeslot-end\">22:00<\/time>\n\t\t\t\t\t\t\t\t\t\t\t<\/p>\n\t\t\t\t\t\t\t\t\t\t\t\t\t\t\t\t\t\t\t\t\t<p class=\"event-description\">Kegelbahn Jahnturnhalle<\/p>\n\t\t\t\t\t\t\t\t\t\t\t\t\t\t\t\t\t\t\t<\/li>\n\t\t\t\t\t\t\t\t\t\t\t\t\t\t<\/ul>\n\t\t\t\t\t<\/div>\n\t\t\t\t\t\t<\/div>\n\t\t<\/div>\n<\/div>\n\n\n<p><\/p>\n","protected":false},"excerpt":{"rendered":"<p>Kurzvorstellung Sportkegeln Im November 1980 wurde in der TVK-Turnhalle eine vierbahnige Kegelbahnanlage eingeweiht. Initiator dieser Erweiterung des Vereinsangebotes war der damalige TVK-Vorsitzende Karl Miedreich, der sich von der Kegelbahnanlage eine Intensivierung des allgemeinen Sportbetriebs versprach. Im Dezember 1980 kam folgerichtig dann eine weitere Sportart im Turnverein Kirchheimbolanden dazu, die Abteilung der Sportkegler. Parallel zur Gr\u00fcndung [&hellip;]<\/p>\n","protected":false},"author":1,"featured_media":0,"parent":0,"menu_order":0,"comment_status":"closed","ping_status":"closed","template":"page-tvk.php","meta":{"footnotes":""},"class_list":["post-136","page","type-page","status-publish","hentry"],"_links":{"self":[{"href":"https:\/\/www.turnverein-kirchheimbolanden.de\/index.php?rest_route=\/wp\/v2\/pages\/136","targetHints":{"allow":["GET"]}}],"collection":[{"href":"https:\/\/www.turnverein-kirchheimbolanden.de\/index.php?rest_route=\/wp\/v2\/pages"}],"about":[{"href":"https:\/\/www.turnverein-kirchheimbolanden.de\/index.php?rest_route=\/wp\/v2\/types\/page"}],"author":[{"embeddable":true,"href":"https:\/\/www.turnverein-kirchheimbolanden.de\/index.php?rest_route=\/wp\/v2\/users\/1"}],"replies":[{"embeddable":true,"href":"https:\/\/www.turnverein-kirchheimbolanden.de\/index.php?rest_route=%2Fwp%2Fv2%2Fcomments&post=136"}],"version-history":[{"count":10,"href":"https:\/\/www.turnverein-kirchheimbolanden.de\/index.php?rest_route=\/wp\/v2\/pages\/136\/revisions"}],"predecessor-version":[{"id":577,"href":"https:\/\/www.turnverein-kirchheimbolanden.de\/index.php?rest_route=\/wp\/v2\/pages\/136\/revisions\/577"}],"wp:attachment":[{"href":"https:\/\/www.turnverein-kirchheimbolanden.de\/index.php?rest_route=%2Fwp%2Fv2%2Fmedia&parent=136"}],"curies":[{"name":"wp","href":"https:\/\/api.w.org\/{rel}","templated":true}]}}